{"id":9776,"date":"2024-04-09T17:45:55","date_gmt":"2024-04-09T15:45:55","guid":{"rendered":"https:\/\/blueberry.dev.innotiv.design\/?page_id=9776"},"modified":"2024-04-25T10:20:37","modified_gmt":"2024-04-25T08:20:37","slug":"elementor-9776","status":"publish","type":"page","link":"https:\/\/acredia.at\/sl\/elementor-9776\/","title":{"rendered":"Varuh pravic"},"content":{"rendered":"\t\t<div data-elementor-type=\"wp-page\" data-elementor-id=\"9776\" class=\"elementor elementor-9776 elementor-4084\" data-elementor-post-type=\"page\">\n\t\t\t\t<div class=\"elementor-element elementor-element-e325651 e-flex e-con-boxed e-con e-parent\" data-id=\"e325651\" data-element_type=\"container\" data-e-type=\"container\" data-settings=\"{&quot;jet_parallax_layout_list&quot;:[]}\">\n\t\t\t\t\t<div class=\"e-con-inner\">\n\t\t\t\t<div class=\"elementor-element elementor-element-11173d0 elementor-widget elementor-widget-heading\" data-id=\"11173d0\" data-element_type=\"widget\" data-e-type=\"widget\" data-widget_type=\"heading.default\">\n\t\t\t\t<div class=\"elementor-widget-container\">\n\t\t\t\t\t<h2 class=\"elementor-heading-title elementor-size-default\">Varuh pravic<\/h2>\t\t\t\t<\/div>\n\t\t\t\t<\/div>\n\t\t\t\t\t<\/div>\n\t\t\t\t<\/div>\n\t\t<div class=\"elementor-element elementor-element-9d27c1d e-flex e-con-boxed e-con e-parent\" data-id=\"9d27c1d\" data-element_type=\"container\" data-e-type=\"container\" data-settings=\"{&quot;jet_parallax_layout_list&quot;:[]}\">\n\t\t\t\t\t<div class=\"e-con-inner\">\n\t\t\t\t<div class=\"elementor-element elementor-element-0c77484 elementor-widget elementor-widget-text-editor\" data-id=\"0c77484\" data-element_type=\"widget\" data-e-type=\"widget\" data-widget_type=\"text-editor.default\">\n\t\t\t\t<div class=\"elementor-widget-container\">\n\t\t\t\t\t\t\t\t\t<p>Va\u0161e povratne informacije o na\u0161ih storitvah in kakovosti storitev so za nas pomembne. Samo tako bomo lahko tudi v prihodnje uspe\u0161ni.<\/p>\n<p>Pokli\u010dite nas ali nam po\u0161ljite svoje \u017eelje preprosto po e-po\u0161ti. Nato boste hitro prejeli prvi odgovor. \u010ce \u017eelite ostati anonimni, nam lahko svoja vpra\u0161anja, pobude ali pomisleke po\u0161ljete tudi po navadni po\u0161ti.<\/p>\n<p>Tel. +43 (0)5 01 02-1112<br>E-po\u0161ta&nbsp;<a href=\"mailto:office@acredia.at\">office@acredia.at<\/a>&nbsp;&nbsp;<\/p><ul>\n<\/ul>\t\t\t\t\t\t\t\t<\/div>\n\t\t\t\t<\/div>\n\t\t\t\t<div class=\"elementor-element elementor-element-df20a5d elementor-widget elementor-widget-heading\" data-id=\"df20a5d\" data-element_type=\"widget\" data-e-type=\"widget\" data-widget_type=\"heading.default\">\n\t\t\t\t<div class=\"elementor-widget-container\">\n\t\t\t\t\t<h2 class=\"elementor-heading-title elementor-size-default\">Po\u0161tni naslov<\/h2>\t\t\t\t<\/div>\n\t\t\t\t<\/div>\n\t\t\t\t<div class=\"elementor-element elementor-element-0ae9bfc elementor-widget elementor-widget-text-editor\" data-id=\"0ae9bfc\" data-element_type=\"widget\" data-e-type=\"widget\" data-widget_type=\"text-editor.default\">\n\t\t\t\t<div class=\"elementor-widget-container\">\n\t\t\t\t\t\t\t\t\t<p>ACREDIA Versicherung AG<br \/>Vodstvo\/upravitelj prito\u017eb<br \/>Himmelpfortgasse 29<br \/>1010 Dunaj<\/p>\t\t\t\t\t\t\t\t<\/div>\n\t\t\t\t<\/div>\n\t\t\t\t\t<\/div>\n\t\t\t\t<\/div>\n\t\t<div class=\"elementor-element elementor-element-cad7962 e-flex e-con-boxed e-con e-parent\" data-id=\"cad7962\" data-element_type=\"container\" data-e-type=\"container\" data-settings=\"{&quot;jet_parallax_layout_list&quot;:[]}\">\n\t\t\t\t\t<div class=\"e-con-inner\">\n\t\t\t\t<div class=\"elementor-element elementor-element-659d9b4 elementor-widget elementor-widget-heading\" data-id=\"659d9b4\" data-element_type=\"widget\" data-e-type=\"widget\" data-widget_type=\"heading.default\">\n\t\t\t\t<div class=\"elementor-widget-container\">\n\t\t\t\t\t<h2 class=\"elementor-heading-title elementor-size-default\">Obdelava prito\u017eb<\/h2>\t\t\t\t<\/div>\n\t\t\t\t<\/div>\n\t\t\t\t\t<\/div>\n\t\t\t\t<\/div>\n\t\t<div class=\"elementor-element elementor-element-6f899a6 e-flex e-con-boxed e-con e-parent\" data-id=\"6f899a6\" data-element_type=\"container\" data-e-type=\"container\" data-settings=\"{&quot;jet_parallax_layout_list&quot;:[]}\">\n\t\t\t\t\t<div class=\"e-con-inner\">\n\t\t\t\t<div class=\"elementor-element elementor-element-f0879b2 elementor-widget elementor-widget-text-editor\" data-id=\"f0879b2\" data-element_type=\"widget\" data-e-type=\"widget\" data-widget_type=\"text-editor.default\">\n\t\t\t\t<div class=\"elementor-widget-container\">\n\t\t\t\t\t\t\t\t\t<p>Dru\u017eba ACREDIA Versicherung AG obravnava prito\u017ebe v skladu z internimi smernicami. V primeru prito\u017ebe od nas takoj prejmete prvi odziv. Za kar najhitrej\u0161o razjasnitev prito\u017ebe zberemo in obdelamo vse potrebne informacije.<\/p><p>Praviloma prito\u017ebe re\u0161imo v desetih delovnih dneh od \u010dasa prispetja. \u010ce zaradi zapletenosti primera pride do zakasnitve, vas o tem seveda ustrezno obvestimo in vam posredujemo informacije, do kdaj bomo prito\u017ebo re\u0161ili.<\/p><p>\u010ce z re\u0161itvijo, ki jo pripravimo, niste zadovoljni, nas o tem obvestite in potrudili se bomo najti alternativno re\u0161itev. Obrnete se lahko tudi na naslednja mesta:<\/p><ul><li>Organ za re\u0161evanje sporov: Zdru\u017eenje zavarovalni\u0161kih dru\u017eb Avstrije, Schwarzenbergplatz 7, 1030 Dunaj<\/li><li>Pristojni nadzorni organ: Avstrijski urad za nadzor finan\u010dnega trga, Otto-Wagner-Platz 5, 1090 Dunaj<\/li><\/ul>\t\t\t\t\t\t\t\t<\/div>\n\t\t\t\t<\/div>\n\t\t\t\t\t<\/div>\n\t\t\t\t<\/div>\n\t\t\t\t<\/div>\n\t\t","protected":false},"excerpt":{"rendered":"<p>Varuh pravic Va\u0161e povratne informacije o na\u0161ih storitvah in kakovosti storitev so za nas pomembne. Samo tako bomo lahko tudi v prihodnje uspe\u0161ni. Pokli\u010dite nas ali nam po\u0161ljite svoje \u017eelje preprosto po e-po\u0161ti. Nato boste hitro prejeli prvi odgovor. \u010ce \u017eelite ostati anonimni, nam lahko svoja vpra\u0161anja, pobude ali pomisleke po\u0161ljete tudi po navadni po\u0161ti. [&hellip;]<\/p>\n","protected":false},"author":2,"featured_media":0,"parent":0,"menu_order":0,"comment_status":"closed","ping_status":"closed","template":"elementor_header_footer","meta":{"footnotes":""},"class_list":["post-9776","page","type-page","status-publish","hentry"],"_links":{"self":[{"href":"https:\/\/acredia.at\/sl\/wp-json\/wp\/v2\/pages\/9776","targetHints":{"allow":["GET"]}}],"collection":[{"href":"https:\/\/acredia.at\/sl\/wp-json\/wp\/v2\/pages"}],"about":[{"href":"https:\/\/acredia.at\/sl\/wp-json\/wp\/v2\/types\/page"}],"author":[{"embeddable":true,"href":"https:\/\/acredia.at\/sl\/wp-json\/wp\/v2\/users\/2"}],"replies":[{"embeddable":true,"href":"https:\/\/acredia.at\/sl\/wp-json\/wp\/v2\/comments?post=9776"}],"version-history":[{"count":4,"href":"https:\/\/acredia.at\/sl\/wp-json\/wp\/v2\/pages\/9776\/revisions"}],"predecessor-version":[{"id":9795,"href":"https:\/\/acredia.at\/sl\/wp-json\/wp\/v2\/pages\/9776\/revisions\/9795"}],"wp:attachment":[{"href":"https:\/\/acredia.at\/sl\/wp-json\/wp\/v2\/media?parent=9776"}],"curies":[{"name":"wp","href":"https:\/\/api.w.org\/{rel}","templated":true}]}}