{"id":8870,"date":"2024-04-24T09:57:18","date_gmt":"2024-04-24T07:57:18","guid":{"rendered":"https:\/\/blueberry.dev.innotiv.design\/?page_id=8870"},"modified":"2024-05-03T08:41:29","modified_gmt":"2024-05-03T06:41:29","slug":"objave-2","status":"publish","type":"page","link":"https:\/\/acredia.at\/sl\/pregled-bloga-in-podkasta-2-2-2-2\/","title":{"rendered":"Blog ESG"},"content":{"rendered":"\t\t<div data-elementor-type=\"wp-page\" data-elementor-id=\"8870\" class=\"elementor elementor-8870 elementor-8867\" data-elementor-post-type=\"page\">\n\t\t\t\t<div class=\"elementor-element elementor-element-7b4ac88 e-flex e-con-boxed e-con e-parent\" data-id=\"7b4ac88\" data-element_type=\"container\" data-e-type=\"container\" data-settings=\"{&quot;jet_parallax_layout_list&quot;:[]}\">\n\t\t\t\t\t<div class=\"e-con-inner\">\n\t\t\t\t<div class=\"elementor-element elementor-element-e8b6cbc elementor-widget elementor-widget-heading\" data-id=\"e8b6cbc\" data-element_type=\"widget\" data-e-type=\"widget\" data-widget_type=\"heading.default\">\n\t\t\t\t<div class=\"elementor-widget-container\">\n\t\t\t\t\t<h2 class=\"elementor-heading-title elementor-size-default\">Blog ESG<\/h2>\t\t\t\t<\/div>\n\t\t\t\t<\/div>\n\t\t\t\t<div class=\"elementor-element elementor-element-0975438 elementor-widget elementor-widget-text-editor\" data-id=\"0975438\" data-element_type=\"widget\" data-e-type=\"widget\" data-widget_type=\"text-editor.default\">\n\t\t\t\t<div class=\"elementor-widget-container\">\n\t\t\t\t\t\t\t\t\t<p style=\"text-align: center;\">Tu boste na\u0161li \u0161tevilne \u010dlanke o temah dru\u017ebene odgovornosti podjetij (CSR &#8211; Corporate Social Responsibility) in okoljskega, socialnega in upravljalnega upravljanja (ESG &#8211; Environmental, Social and Governance). Spremljajte nas, ko delimo svoje izku\u0161nje, spoznanja in nasvete z drugimi podjetji, ki jih zanima trajnost.<\/p>\n\t\t\t\t\t\t\t\t<\/div>\n\t\t\t\t<\/div>\n\t\t<div class=\"elementor-element elementor-element-5c6decd e-con-full e-flex e-con e-child\" data-id=\"5c6decd\" data-element_type=\"container\" data-e-type=\"container\" data-settings=\"{&quot;background_background&quot;:&quot;classic&quot;,&quot;jet_parallax_layout_list&quot;:[]}\">\n\t\t\t\t<\/div>\n\t\t\t\t\t<\/div>\n\t\t\t\t<\/div>\n\t\t\t\t<\/div>\n\t\t","protected":false},"excerpt":{"rendered":"<p>Blog ESG Tu boste na\u0161li \u0161tevilne \u010dlanke o temah dru\u017ebene odgovornosti podjetij (CSR &#8211; Corporate Social Responsibility) in okoljskega, socialnega in upravljalnega upravljanja (ESG &#8211; Environmental, Social and Governance). Spremljajte nas, ko delimo svoje izku\u0161nje, spoznanja in nasvete z drugimi podjetji, ki jih zanima trajnost.<\/p>\n","protected":false},"author":2,"featured_media":0,"parent":0,"menu_order":0,"comment_status":"closed","ping_status":"closed","template":"elementor_header_footer","meta":{"footnotes":""},"class_list":["post-8870","page","type-page","status-publish","hentry"],"_links":{"self":[{"href":"https:\/\/acredia.at\/sl\/wp-json\/wp\/v2\/pages\/8870","targetHints":{"allow":["GET"]}}],"collection":[{"href":"https:\/\/acredia.at\/sl\/wp-json\/wp\/v2\/pages"}],"about":[{"href":"https:\/\/acredia.at\/sl\/wp-json\/wp\/v2\/types\/page"}],"author":[{"embeddable":true,"href":"https:\/\/acredia.at\/sl\/wp-json\/wp\/v2\/users\/2"}],"replies":[{"embeddable":true,"href":"https:\/\/acredia.at\/sl\/wp-json\/wp\/v2\/comments?post=8870"}],"version-history":[{"count":6,"href":"https:\/\/acredia.at\/sl\/wp-json\/wp\/v2\/pages\/8870\/revisions"}],"predecessor-version":[{"id":11030,"href":"https:\/\/acredia.at\/sl\/wp-json\/wp\/v2\/pages\/8870\/revisions\/11030"}],"wp:attachment":[{"href":"https:\/\/acredia.at\/sl\/wp-json\/wp\/v2\/media?parent=8870"}],"curies":[{"name":"wp","href":"https:\/\/api.w.org\/{rel}","templated":true}]}}