{"id":7978,"date":"2024-04-09T17:38:07","date_gmt":"2024-04-09T15:38:07","guid":{"rendered":"https:\/\/blueberry.dev.innotiv.design\/izjava-o-omejitvi-odgovornosti\/"},"modified":"2024-04-23T11:10:10","modified_gmt":"2024-04-23T09:10:10","slug":"izjava-o-omejitvi-odgovornosti","status":"publish","type":"page","link":"https:\/\/acredia.at\/sl\/izjava-o-omejitvi-odgovornosti\/","title":{"rendered":"Izjava o omejitvi odgovornosti"},"content":{"rendered":"\t\t<div data-elementor-type=\"wp-page\" data-elementor-id=\"7978\" class=\"elementor elementor-7978 elementor-7583\" data-elementor-post-type=\"page\">\n\t\t\t\t<div class=\"elementor-element elementor-element-fe09c4e e-flex e-con-boxed e-con e-parent\" data-id=\"fe09c4e\" data-element_type=\"container\" data-e-type=\"container\" data-settings=\"{&quot;jet_parallax_layout_list&quot;:[]}\">\n\t\t\t\t\t<div class=\"e-con-inner\">\n\t\t\t\t<div class=\"elementor-element elementor-element-66ced51 elementor-widget elementor-widget-heading\" data-id=\"66ced51\" data-element_type=\"widget\" data-e-type=\"widget\" data-widget_type=\"heading.default\">\n\t\t\t\t<div class=\"elementor-widget-container\">\n\t\t\t\t\t<h2 class=\"elementor-heading-title elementor-size-default\">kreditno zavarovanje ACREDIA: Izjava o omejitvi odgovornosti<\/h2>\t\t\t\t<\/div>\n\t\t\t\t<\/div>\n\t\t\t\t<div class=\"elementor-element elementor-element-94a8799 elementor-widget elementor-widget-text-editor\" data-id=\"94a8799\" data-element_type=\"widget\" data-e-type=\"widget\" data-widget_type=\"text-editor.default\">\n\t\t\t\t<div class=\"elementor-widget-container\">\n\t\t\t\t\t\t\t\t\t<div class=\"section\">\n<div class=\"content-wrapper--indented\">\n<div class=\"grid\">\n<div class=\"grid__cell--seven grid__offset--one\">\n<div class=\"text\">\n<h2 class=\"heading-2\">Odgovornost<\/h2>\n<p>Informacije, ki so na voljo na spletnih straneh dru\u017ebe Acredia in njenih blagovnih znamk, vklju\u010dno s hiperpovezavami in datotekami za prenos, ne predstavljajo nasveta o pravnih, dav\u010dnih ali drugih zadevah. Te informacije so namenjene le splo\u0161nim informacijam.<\/p>\n<p>Vse besedilo na Acredijinem spletnem mestu je bilo skrbno pregledano. Kljub temu Acredia ne jam\u010di za to\u010dnost, popolnost in aktualnost zagotovljenih informacij.<\/p>\n<p>Poleg tega Acredia ne prevzema odgovornosti za neposredno ali posredno \u0161kodo, nastalo v zvezi z uporabo tega spletnega mesta. Acredia prav tako ni odgovorna za \u0161kodo, ki bi nastala zaradi nerazpolo\u017eljivosti spletnega mesta ali napak v njegovem delovanju.<\/p>\n<p>Povezave na druga spletna mesta, ki niso podjetja, so bile skrbno izbrane. Za vsebino in obliko spletnih strani, na katere vodijo hiperpovezave, je odgovoren zadevni ponudnik. Acredia ne prevzema nobene odgovornosti za te ponudnike.<\/p>\n<h2 class=\"heading-2\">Avtorske pravice<\/h2>\n<p>Vse pravice pridr\u017eane. Razmno\u017eevanje besedila in podatkov, vklju\u010dno z njihovim shranjevanjem in uporabo na opti\u010dnih ali elektronskih napravah za shranjevanje podatkov, je dovoljeno le v okviru pogodbe ali po predhodnem soglasju dru\u017ebe Acredia. Uporaba podatkov, vklju\u010dno z njihovim vnosom v spletne storitve, zbirke podatkov ali spletna mesta, s strani nepoobla\u0161\u010denih tretjih oseb je prepovedana.<\/p>\n<h2 class=\"heading-2\">Varstvo podatkov<\/h2>\n<p>ACREDIA zelo resno obravnava varstvo va\u0161ih osebnih podatkov. Zato je varstvo podatkov pomemben in sestavni del na\u0161ih postopkov, izdelkov in storitev. Va\u0161e osebne podatke obdelujemo izklju\u010dno v skladu z veljavnimi predpisi in zakoni o varstvu podatkov. Z va\u0161imi podatki seveda ravnamo skrbno, jih hranimo kot zaupne in jih varujemo pred zlorabo. <a title=\"Pregled Podatkovne politike ACREDIA\" href=\"https:\/\/www.acredia.at\/en\/privacy-policy\" target=\"_blank\" rel=\"noopener\">Pravilnike o zasebnosti dru\u017ebe ACREDIA<\/a> si oglejte tukaj. <\/p>\n<\/div>\n<\/div>\n<\/div>\n<\/div>\n<\/div>\n\t\t\t\t\t\t\t\t<\/div>\n\t\t\t\t<\/div>\n\t\t\t\t\t<\/div>\n\t\t\t\t<\/div>\n\t\t\t\t<\/div>\n\t\t","protected":false},"excerpt":{"rendered":"<p>kreditno zavarovanje ACREDIA: Izjava o omejitvi odgovornosti Odgovornost Informacije, ki so na voljo na spletnih straneh dru\u017ebe Acredia in njenih blagovnih znamk, vklju\u010dno s hiperpovezavami in datotekami za prenos, ne predstavljajo nasveta o pravnih, dav\u010dnih ali drugih zadevah. Te informacije so namenjene le splo\u0161nim informacijam. Vse besedilo na Acredijinem spletnem mestu je bilo skrbno pregledano. [&hellip;]<\/p>\n","protected":false},"author":2,"featured_media":0,"parent":0,"menu_order":0,"comment_status":"closed","ping_status":"closed","template":"elementor_header_footer","meta":{"footnotes":""},"class_list":["post-7978","page","type-page","status-publish","hentry"],"_links":{"self":[{"href":"https:\/\/acredia.at\/sl\/wp-json\/wp\/v2\/pages\/7978","targetHints":{"allow":["GET"]}}],"collection":[{"href":"https:\/\/acredia.at\/sl\/wp-json\/wp\/v2\/pages"}],"about":[{"href":"https:\/\/acredia.at\/sl\/wp-json\/wp\/v2\/types\/page"}],"author":[{"embeddable":true,"href":"https:\/\/acredia.at\/sl\/wp-json\/wp\/v2\/users\/2"}],"replies":[{"embeddable":true,"href":"https:\/\/acredia.at\/sl\/wp-json\/wp\/v2\/comments?post=7978"}],"version-history":[{"count":0,"href":"https:\/\/acredia.at\/sl\/wp-json\/wp\/v2\/pages\/7978\/revisions"}],"wp:attachment":[{"href":"https:\/\/acredia.at\/sl\/wp-json\/wp\/v2\/media?parent=7978"}],"curies":[{"name":"wp","href":"https:\/\/api.w.org\/{rel}","templated":true}]}}