{"id":6081,"date":"2024-04-02T16:56:36","date_gmt":"2024-04-02T14:56:36","guid":{"rendered":"https:\/\/blueberry.dev.innotiv.design\/tu-svetujemo\/"},"modified":"2024-04-15T16:48:42","modified_gmt":"2024-04-15T14:48:42","slug":"tu-svetujemo","status":"publish","type":"page","link":"https:\/\/acredia.at\/sl\/tu-svetujemo\/","title":{"rendered":"Tu svetujemo."},"content":{"rendered":"\t\t<div data-elementor-type=\"wp-page\" data-elementor-id=\"6081\" class=\"elementor elementor-6081 elementor-3164\" data-elementor-post-type=\"page\">\n\t\t\t\t<div class=\"elementor-element elementor-element-0f21281 e-flex e-con-boxed e-con e-parent\" data-id=\"0f21281\" data-element_type=\"container\" data-e-type=\"container\" data-settings=\"{&quot;jet_parallax_layout_list&quot;:[]}\">\n\t\t\t\t\t<div class=\"e-con-inner\">\n\t\t\t\t<div class=\"elementor-element elementor-element-a620b89 elementor-widget elementor-widget-heading\" data-id=\"a620b89\" data-element_type=\"widget\" data-e-type=\"widget\" data-widget_type=\"heading.default\">\n\t\t\t\t<div class=\"elementor-widget-container\">\n\t\t\t\t\t<h2 class=\"elementor-heading-title elementor-size-default\">Tu svetujemo.\n<\/h2>\t\t\t\t<\/div>\n\t\t\t\t<\/div>\n\t\t\t\t\t<\/div>\n\t\t\t\t<\/div>\n\t\t<div class=\"elementor-element elementor-element-60765f9 e-flex e-con-boxed e-con e-parent\" data-id=\"60765f9\" data-element_type=\"container\" data-e-type=\"container\" data-settings=\"{&quot;jet_parallax_layout_list&quot;:[]}\">\n\t\t\t\t\t<div class=\"e-con-inner\">\n\t\t\t\t<div class=\"elementor-element elementor-element-b7a9c17 elementor-widget__width-initial elementor-widget elementor-widget-text-editor\" data-id=\"b7a9c17\" data-element_type=\"widget\" data-e-type=\"widget\" data-widget_type=\"text-editor.default\">\n\t\t\t\t<div class=\"elementor-widget-container\">\n\t\t\t\t\t\t\t\t\t<p>Zagotovljeno je, da imate zavarovan slu\u017ebeni avtomobil in stavbo podjetja. Kaj pa poslovanje va\u0161ega podjetja? Odli\u010dno je, da lahko za\u0161\u010ditite tudi poslovne odnose s strankami. To ustvarja zaupanje in miren spanec. Ko govorimo o zaupanju: To je tudi osnova vsakega posvetovanja ACREDIA.<\/p>\n\t\t\t\t\t\t\t\t<\/div>\n\t\t\t\t<\/div>\n\t\t\t\t\t<\/div>\n\t\t\t\t<\/div>\n\t\t<div class=\"elementor-element elementor-element-4d69706 e-flex e-con-boxed e-con e-parent\" data-id=\"4d69706\" data-element_type=\"container\" data-e-type=\"container\" data-settings=\"{&quot;jet_parallax_layout_list&quot;:[]}\">\n\t\t\t\t\t<div class=\"e-con-inner\">\n\t\t<div class=\"elementor-element elementor-element-b650769 e-con-full e-flex e-con e-child\" data-id=\"b650769\" data-element_type=\"container\" data-e-type=\"container\" data-settings=\"{&quot;jet_parallax_layout_list&quot;:[]}\">\n\t\t<div class=\"elementor-element elementor-element-d74f14e e-con-full e-flex e-con e-child\" data-id=\"d74f14e\" data-element_type=\"container\" data-e-type=\"container\" data-settings=\"{&quot;jet_parallax_layout_list&quot;:[],&quot;background_background&quot;:&quot;classic&quot;}\">\n\t\t<div class=\"elementor-element elementor-element-587f607 e-con-full e-flex e-con e-child\" data-id=\"587f607\" data-element_type=\"container\" data-e-type=\"container\" data-settings=\"{&quot;jet_parallax_layout_list&quot;:[]}\">\n\t\t\t\t<div class=\"elementor-element elementor-element-8f670e0 elementor-widget__width-initial elementor-widget-tablet__width-initial elementor-widget-mobile__width-initial elementor-widget elementor-widget-image\" data-id=\"8f670e0\" data-element_type=\"widget\" data-e-type=\"widget\" data-widget_type=\"image.default\">\n\t\t\t\t<div class=\"elementor-widget-container\">\n\t\t\t\t\t\t\t\t\t\t\t\t\t\t\t<img decoding=\"async\" src=\"https:\/\/acredia.at\/wp-content\/uploads\/2024\/03\/acredia-boni_verlaesslich_shutterstock_1023150370.svg\" title=\"acredia-boni_verlaesslich_shutterstock_1023150370\" alt=\"acredia-boni_verlaesslich_shutterstock_1023150370\" loading=\"lazy\" \/>\t\t\t\t\t\t\t\t\t\t\t\t\t\t\t<\/div>\n\t\t\t\t<\/div>\n\t\t<div class=\"elementor-element elementor-element-bc5f1cd e-flex e-con-boxed e-con e-child\" data-id=\"bc5f1cd\" data-element_type=\"container\" data-e-type=\"container\" data-settings=\"{&quot;jet_parallax_layout_list&quot;:[]}\">\n\t\t\t\t\t<div class=\"e-con-inner\">\n\t\t\t\t<div class=\"elementor-element elementor-element-e3cad5a elementor-widget-mobile__width-initial elementor-widget elementor-widget-heading\" data-id=\"e3cad5a\" data-element_type=\"widget\" data-e-type=\"widget\" data-widget_type=\"heading.default\">\n\t\t\t\t<div class=\"elementor-widget-container\">\n\t\t\t\t\t<h2 class=\"elementor-heading-title elementor-size-default\">Tam je za vas!\n<\/h2>\t\t\t\t<\/div>\n\t\t\t\t<\/div>\n\t\t\t\t\t<\/div>\n\t\t\t\t<\/div>\n\t\t\t\t<\/div>\n\t\t\t\t<div class=\"elementor-element elementor-element-0d87daa elementor-widget__width-initial elementor-widget elementor-widget-text-editor\" data-id=\"0d87daa\" data-element_type=\"widget\" data-e-type=\"widget\" data-widget_type=\"text-editor.default\">\n\t\t\t\t<div class=\"elementor-widget-container\">\n\t\t\t\t\t\t\t\t\t<div class=\"facts__item\">\n<div class=\"facts__description\">Po potrebi vam nudimo individualno podporo.<\/div>\n<\/div>\n<div class=\"facts__item\">\n<div class=\"facts__icon\"> <\/div>\n<\/div>\n\t\t\t\t\t\t\t\t<\/div>\n\t\t\t\t<\/div>\n\t\t\t\t<\/div>\n\t\t<div class=\"elementor-element elementor-element-359a5f1 e-con-full e-flex e-con e-child\" data-id=\"359a5f1\" data-element_type=\"container\" data-e-type=\"container\" data-settings=\"{&quot;jet_parallax_layout_list&quot;:[],&quot;background_background&quot;:&quot;classic&quot;}\">\n\t\t<div class=\"elementor-element elementor-element-10824b0 e-con-full e-flex e-con e-child\" data-id=\"10824b0\" data-element_type=\"container\" data-e-type=\"container\" data-settings=\"{&quot;jet_parallax_layout_list&quot;:[]}\">\n\t\t\t\t<div class=\"elementor-element elementor-element-37b6582 elementor-widget__width-initial elementor-widget-tablet__width-initial elementor-widget-mobile__width-initial elementor-widget elementor-widget-image\" data-id=\"37b6582\" data-element_type=\"widget\" data-e-type=\"widget\" data-widget_type=\"image.default\">\n\t\t\t\t<div class=\"elementor-widget-container\">\n\t\t\t\t\t\t\t\t\t\t\t\t\t\t\t<img decoding=\"async\" src=\"https:\/\/acredia.at\/wp-content\/uploads\/2024\/03\/acredia-veto_anfechtungssicher_shutterstock_695731672-1.svg\" title=\"acredia-veto_anfechtungssicher_shutterstock_695731672\" alt=\"acredia-veto_anfechtungssicher_shutterstock_695731672\" loading=\"lazy\" \/>\t\t\t\t\t\t\t\t\t\t\t\t\t\t\t<\/div>\n\t\t\t\t<\/div>\n\t\t<div class=\"elementor-element elementor-element-2e66701 e-flex e-con-boxed e-con e-child\" data-id=\"2e66701\" data-element_type=\"container\" data-e-type=\"container\" data-settings=\"{&quot;jet_parallax_layout_list&quot;:[]}\">\n\t\t\t\t\t<div class=\"e-con-inner\">\n\t\t\t\t<div class=\"elementor-element elementor-element-f04271d elementor-widget__width-initial elementor-widget elementor-widget-heading\" data-id=\"f04271d\" data-element_type=\"widget\" data-e-type=\"widget\" data-widget_type=\"heading.default\">\n\t\t\t\t<div class=\"elementor-widget-container\">\n\t\t\t\t\t<h2 class=\"elementor-heading-title elementor-size-default\">Je brezpla\u010dna.\n<\/h2>\t\t\t\t<\/div>\n\t\t\t\t<\/div>\n\t\t\t\t\t<\/div>\n\t\t\t\t<\/div>\n\t\t\t\t<\/div>\n\t\t\t\t<div class=\"elementor-element elementor-element-9246fe9 elementor-widget__width-initial elementor-widget elementor-widget-text-editor\" data-id=\"9246fe9\" data-element_type=\"widget\" data-e-type=\"widget\" data-widget_type=\"text-editor.default\">\n\t\t\t\t<div class=\"elementor-widget-container\">\n\t\t\t\t\t\t\t\t\t<div class=\"facts__item\">\n<div class=\"facts__description\">&#8230; vendar zelo dragoceni: na\u0161i nasveti.<\/div>\n<\/div>\n\t\t\t\t\t\t\t\t<\/div>\n\t\t\t\t<\/div>\n\t\t\t\t<\/div>\n\t\t<div class=\"elementor-element elementor-element-a0e5ff8 e-con-full e-flex e-con e-child\" data-id=\"a0e5ff8\" data-element_type=\"container\" data-e-type=\"container\" data-settings=\"{&quot;jet_parallax_layout_list&quot;:[],&quot;background_background&quot;:&quot;classic&quot;}\">\n\t\t<div class=\"elementor-element elementor-element-a13c2f2 e-con-full e-flex e-con e-child\" data-id=\"a13c2f2\" data-element_type=\"container\" data-e-type=\"container\" data-settings=\"{&quot;jet_parallax_layout_list&quot;:[]}\">\n\t\t\t\t<div class=\"elementor-element elementor-element-5e4dfab elementor-widget__width-initial elementor-widget-tablet__width-initial elementor-widget-mobile__width-initial elementor-widget elementor-widget-image\" data-id=\"5e4dfab\" data-element_type=\"widget\" data-e-type=\"widget\" data-widget_type=\"image.default\">\n\t\t\t\t<div class=\"elementor-widget-container\">\n\t\t\t\t\t\t\t\t\t\t\t\t\t\t\t<img decoding=\"async\" src=\"https:\/\/acredia.at\/wp-content\/uploads\/2024\/03\/acredia-veto_krisensicher_shutterstock_695731672.svg\" title=\"acredia-veto_krisensicher_shutterstock_695731672\" alt=\"acredia-veto_krisensicher_shutterstock_695731672\" loading=\"lazy\" \/>\t\t\t\t\t\t\t\t\t\t\t\t\t\t\t<\/div>\n\t\t\t\t<\/div>\n\t\t<div class=\"elementor-element elementor-element-685f452 e-flex e-con-boxed e-con e-child\" data-id=\"685f452\" data-element_type=\"container\" data-e-type=\"container\" data-settings=\"{&quot;jet_parallax_layout_list&quot;:[]}\">\n\t\t\t\t\t<div class=\"e-con-inner\">\n\t\t\t\t<div class=\"elementor-element elementor-element-83d3296 elementor-widget__width-initial elementor-widget elementor-widget-heading\" data-id=\"83d3296\" data-element_type=\"widget\" data-e-type=\"widget\" data-widget_type=\"heading.default\">\n\t\t\t\t<div class=\"elementor-widget-container\">\n\t\t\t\t\t<h2 class=\"elementor-heading-title elementor-size-default\">Ali ste vedeli?\n<\/h2>\t\t\t\t<\/div>\n\t\t\t\t<\/div>\n\t\t\t\t\t<\/div>\n\t\t\t\t<\/div>\n\t\t\t\t<\/div>\n\t\t\t\t<div class=\"elementor-element elementor-element-b023f6b elementor-widget__width-initial elementor-widget elementor-widget-text-editor\" data-id=\"b023f6b\" data-element_type=\"widget\" data-e-type=\"widget\" data-widget_type=\"text-editor.default\">\n\t\t\t\t<div class=\"elementor-widget-container\">\n\t\t\t\t\t\t\t\t\t<div class=\"section\">\n<div class=\"content-wrapper--indented\">\n<div class=\"facts\">\n<div class=\"facts__item\">\n<div class=\"facts__description\">Da bi nadomestili izgubo slabih terjatev v vi\u0161ini le 15.000 EUR, potrebujete dodaten promet v vi\u0161ini 500.000 EUR (pri 3-odstotnem donosu).<\/div>\n<\/div>\n<\/div>\n<\/div>\n<\/div>\n\t\t\t\t\t\t\t\t<\/div>\n\t\t\t\t<\/div>\n\t\t\t\t<\/div>\n\t\t\t\t<\/div>\n\t\t\t\t\t<\/div>\n\t\t\t\t<\/div>\n\t\t<div class=\"elementor-element elementor-element-0af27d1 e-flex e-con-boxed e-con e-parent\" data-id=\"0af27d1\" data-element_type=\"container\" data-e-type=\"container\" data-settings=\"{&quot;jet_parallax_layout_list&quot;:[]}\">\n\t\t\t\t\t<div class=\"e-con-inner\">\n\t\t<div class=\"elementor-element elementor-element-f5370e9 e-con-full e-flex e-con e-child\" data-id=\"f5370e9\" data-element_type=\"container\" data-e-type=\"container\" data-settings=\"{&quot;jet_parallax_layout_list&quot;:[]}\">\n\t\t\t\t<div class=\"elementor-element elementor-element-54ee555 elementor-widget elementor-widget-image\" data-id=\"54ee555\" data-element_type=\"widget\" data-e-type=\"widget\" data-widget_type=\"image.default\">\n\t\t\t\t<div class=\"elementor-widget-container\">\n\t\t\t\t\t\t\t\t\t\t\t\t\t\t\t<img fetchpriority=\"high\" decoding=\"async\" width=\"800\" height=\"534\" src=\"https:\/\/acredia.at\/wp-content\/uploads\/2024\/04\/044_shutterstock_1206996064-1-1024x683.jpg\" class=\"attachment-large size-large wp-image-5735\" alt=\"\" srcset=\"https:\/\/acredia.at\/wp-content\/uploads\/2024\/04\/044_shutterstock_1206996064-1-1024x683.jpg 1024w, https:\/\/acredia.at\/wp-content\/uploads\/2024\/04\/044_shutterstock_1206996064-1-300x200.jpg 300w, https:\/\/acredia.at\/wp-content\/uploads\/2024\/04\/044_shutterstock_1206996064-1-768x512.jpg 768w, https:\/\/acredia.at\/wp-content\/uploads\/2024\/04\/044_shutterstock_1206996064-1-1536x1024.jpg 1536w, https:\/\/acredia.at\/wp-content\/uploads\/2024\/04\/044_shutterstock_1206996064-1.jpg 1920w\" sizes=\"(max-width: 800px) 100vw, 800px\" \/>\t\t\t\t\t\t\t\t\t\t\t\t\t\t\t<\/div>\n\t\t\t\t<\/div>\n\t\t\t\t<\/div>\n\t\t<div class=\"elementor-element elementor-element-7059b9a e-con-full e-flex e-con e-child\" data-id=\"7059b9a\" data-element_type=\"container\" data-e-type=\"container\" data-settings=\"{&quot;jet_parallax_layout_list&quot;:[]}\">\n\t\t<div class=\"elementor-element elementor-element-79d2f0e e-flex e-con-boxed e-con e-child\" data-id=\"79d2f0e\" data-element_type=\"container\" data-e-type=\"container\" data-settings=\"{&quot;jet_parallax_layout_list&quot;:[]}\">\n\t\t\t\t\t<div class=\"e-con-inner\">\n\t\t\t\t<div class=\"elementor-element elementor-element-5fe0a49 elementor-widget elementor-widget-heading\" data-id=\"5fe0a49\" data-element_type=\"widget\" data-e-type=\"widget\" data-widget_type=\"heading.default\">\n\t\t\t\t<div class=\"elementor-widget-container\">\n\t\t\t\t\t<p class=\"elementor-heading-title elementor-size-default\">Zakaj so na\u0161i izdelki izklju\u010dno stvar strokovnega znanja\n<\/p>\t\t\t\t<\/div>\n\t\t\t\t<\/div>\n\t\t\t\t<div class=\"elementor-element elementor-element-115bece elementor-widget elementor-widget-text-editor\" data-id=\"115bece\" data-element_type=\"widget\" data-e-type=\"widget\" data-widget_type=\"text-editor.default\">\n\t\t\t\t<div class=\"elementor-widget-container\">\n\t\t\t\t\t\t\t\t\t<p>Prodaja je preprosta. Vendar je za strokovno svetovanje na ravni o\u010di potrebno veliko ve\u010d: razumevanje, zanimivo poslu\u0161anje, dobro strokovno znanje, dolgoletno poznavanje trga, trdni in prilagodljivi izdelki. Prav to boste na\u0161li na ACREDIA.<\/p>\n\t\t\t\t\t\t\t\t<\/div>\n\t\t\t\t<\/div>\n\t\t\t\t<div class=\"elementor-element elementor-element-94426c2 elementor-widget elementor-widget-text-editor\" data-id=\"94426c2\" data-element_type=\"widget\" data-e-type=\"widget\" data-widget_type=\"text-editor.default\">\n\t\t\t\t<div class=\"elementor-widget-container\">\n\t\t\t\t\t\t\t\t\t<p>To je temelj, na katerem ACREDIA gradi \u017ee ve\u010d kot 30 let: zadovoljne stranke, stabilna partnerstva in poslovni odnosi, ki temeljijo na zaupanju.<\/p>\n\t\t\t\t\t\t\t\t<\/div>\n\t\t\t\t<\/div>\n\t\t\t\t\t<\/div>\n\t\t\t\t<\/div>\n\t\t\t\t<\/div>\n\t\t\t\t\t<\/div>\n\t\t\t\t<\/div>\n\t\t<div class=\"elementor-element elementor-element-f82dd3a e-flex e-con-boxed e-con e-parent\" data-id=\"f82dd3a\" data-element_type=\"container\" data-e-type=\"container\" data-settings=\"{&quot;jet_parallax_layout_list&quot;:[]}\">\n\t\t\t\t\t<div class=\"e-con-inner\">\n\t\t<div class=\"elementor-element elementor-element-6562d8f e-con-full e-flex e-con e-child\" data-id=\"6562d8f\" data-element_type=\"container\" data-e-type=\"container\" data-settings=\"{&quot;jet_parallax_layout_list&quot;:[]}\">\n\t\t\t\t<div class=\"elementor-element elementor-element-f3a35ad elementor-widget elementor-widget-image\" data-id=\"f3a35ad\" data-element_type=\"widget\" data-e-type=\"widget\" data-widget_type=\"image.default\">\n\t\t\t\t<div class=\"elementor-widget-container\">\n\t\t\t\t\t\t\t\t\t\t\t\t\t\t\t<img decoding=\"async\" width=\"800\" height=\"399\" src=\"https:\/\/acredia.at\/wp-content\/uploads\/2024\/04\/042_shutterstock_635021405-1024x511.jpg\" class=\"attachment-large size-large wp-image-5731\" alt=\"\" srcset=\"https:\/\/acredia.at\/wp-content\/uploads\/2024\/04\/042_shutterstock_635021405-1024x511.jpg 1024w, https:\/\/acredia.at\/wp-content\/uploads\/2024\/04\/042_shutterstock_635021405-300x150.jpg 300w, https:\/\/acredia.at\/wp-content\/uploads\/2024\/04\/042_shutterstock_635021405-768x383.jpg 768w, https:\/\/acredia.at\/wp-content\/uploads\/2024\/04\/042_shutterstock_635021405-1536x766.jpg 1536w, https:\/\/acredia.at\/wp-content\/uploads\/2024\/04\/042_shutterstock_635021405.jpg 1920w\" sizes=\"(max-width: 800px) 100vw, 800px\" \/>\t\t\t\t\t\t\t\t\t\t\t\t\t\t\t<\/div>\n\t\t\t\t<\/div>\n\t\t\t\t<\/div>\n\t\t<div class=\"elementor-element elementor-element-f56a50c e-con-full e-flex e-con e-child\" data-id=\"f56a50c\" data-element_type=\"container\" data-e-type=\"container\" data-settings=\"{&quot;jet_parallax_layout_list&quot;:[]}\">\n\t\t<div class=\"elementor-element elementor-element-866ed50 e-flex e-con-boxed e-con e-child\" data-id=\"866ed50\" data-element_type=\"container\" data-e-type=\"container\" data-settings=\"{&quot;jet_parallax_layout_list&quot;:[]}\">\n\t\t\t\t\t<div class=\"e-con-inner\">\n\t\t\t\t<div class=\"elementor-element elementor-element-56de3a4 elementor-widget elementor-widget-heading\" data-id=\"56de3a4\" data-element_type=\"widget\" data-e-type=\"widget\" data-widget_type=\"heading.default\">\n\t\t\t\t<div class=\"elementor-widget-container\">\n\t\t\t\t\t<p class=\"elementor-heading-title elementor-size-default\">Svetovanje na ACREDIA: kaj lahko pri\u010dakujete\n<\/p>\t\t\t\t<\/div>\n\t\t\t\t<\/div>\n\t\t\t\t<div class=\"elementor-element elementor-element-2060dbe elementor-icon-list--layout-traditional elementor-list-item-link-full_width elementor-widget elementor-widget-icon-list\" data-id=\"2060dbe\" data-element_type=\"widget\" data-e-type=\"widget\" data-widget_type=\"icon-list.default\">\n\t\t\t\t<div class=\"elementor-widget-container\">\n\t\t\t\t\t\t\t<ul class=\"elementor-icon-list-items\">\n\t\t\t\t\t\t\t<li class=\"elementor-icon-list-item\">\n\t\t\t\t\t\t\t\t\t\t\t<span class=\"elementor-icon-list-icon\">\n\t\t\t\t\t\t\t<svg xmlns=\"http:\/\/www.w3.org\/2000\/svg\" width=\"19\" height=\"13\" viewBox=\"0 0 19 13\" fill=\"none\"><path d=\"M18.1094 0.640625C18.6172 1.10938 18.6172 1.92969 18.1094 2.39844L8.10938 12.3984C7.64062 12.9062 6.82031 12.9062 6.35156 12.3984L1.35156 7.39844C0.84375 6.92969 0.84375 6.10938 1.35156 5.64062C1.82031 5.13281 2.64062 5.13281 3.10938 5.64062L7.21094 9.74219L16.3516 0.640625C16.8203 0.132812 17.6406 0.132812 18.1094 0.640625Z\" fill=\"#381956\"><\/path><\/svg>\t\t\t\t\t\t<\/span>\n\t\t\t\t\t\t\t\t\t\t<span class=\"elementor-icon-list-text\">Za\u0161\u010dito svojega podjetja zaupate na\u0161emu dolgoletnemu strokovnemu poznavanju trga in industrije.<\/span>\n\t\t\t\t\t\t\t\t\t<\/li>\n\t\t\t\t\t\t\t\t<li class=\"elementor-icon-list-item\">\n\t\t\t\t\t\t\t\t\t\t\t<span class=\"elementor-icon-list-icon\">\n\t\t\t\t\t\t\t<svg xmlns=\"http:\/\/www.w3.org\/2000\/svg\" width=\"19\" height=\"13\" viewBox=\"0 0 19 13\" fill=\"none\"><path d=\"M18.1094 0.640625C18.6172 1.10938 18.6172 1.92969 18.1094 2.39844L8.10938 12.3984C7.64062 12.9062 6.82031 12.9062 6.35156 12.3984L1.35156 7.39844C0.84375 6.92969 0.84375 6.10938 1.35156 5.64062C1.82031 5.13281 2.64062 5.13281 3.10938 5.64062L7.21094 9.74219L16.3516 0.640625C16.8203 0.132812 17.6406 0.132812 18.1094 0.640625Z\" fill=\"#381956\"><\/path><\/svg>\t\t\t\t\t\t<\/span>\n\t\t\t\t\t\t\t\t\t\t<span class=\"elementor-icon-list-text\">Na\u0161a ekipa vam bo nudila to\u010dno tak\u0161no podporo, kot jo potrebujete: po telefonu, na kraju samem, s souporabo zaslona in usposabljanjem v na\u0161em spletnem portalu.<\/span>\n\t\t\t\t\t\t\t\t\t<\/li>\n\t\t\t\t\t\t\t\t<li class=\"elementor-icon-list-item\">\n\t\t\t\t\t\t\t\t\t\t\t<span class=\"elementor-icon-list-icon\">\n\t\t\t\t\t\t\t<svg xmlns=\"http:\/\/www.w3.org\/2000\/svg\" width=\"19\" height=\"13\" viewBox=\"0 0 19 13\" fill=\"none\"><path d=\"M18.1094 0.640625C18.6172 1.10938 18.6172 1.92969 18.1094 2.39844L8.10938 12.3984C7.64062 12.9062 6.82031 12.9062 6.35156 12.3984L1.35156 7.39844C0.84375 6.92969 0.84375 6.10938 1.35156 5.64062C1.82031 5.13281 2.64062 5.13281 3.10938 5.64062L7.21094 9.74219L16.3516 0.640625C16.8203 0.132812 17.6406 0.132812 18.1094 0.640625Z\" fill=\"#381956\"><\/path><\/svg>\t\t\t\t\t\t<\/span>\n\t\t\t\t\t\t\t\t\t\t<span class=\"elementor-icon-list-text\">U\u017eivate v preglednosti: na\u0161e svetovanje je brezpla\u010dno, znesek premije pa je jasno izra\u010dunljiv.<\/span>\n\t\t\t\t\t\t\t\t\t<\/li>\n\t\t\t\t\t\t\t\t<li class=\"elementor-icon-list-item\">\n\t\t\t\t\t\t\t\t\t\t\t<span class=\"elementor-icon-list-icon\">\n\t\t\t\t\t\t\t<svg xmlns=\"http:\/\/www.w3.org\/2000\/svg\" width=\"19\" height=\"13\" viewBox=\"0 0 19 13\" fill=\"none\"><path d=\"M18.1094 0.640625C18.6172 1.10938 18.6172 1.92969 18.1094 2.39844L8.10938 12.3984C7.64062 12.9062 6.82031 12.9062 6.35156 12.3984L1.35156 7.39844C0.84375 6.92969 0.84375 6.10938 1.35156 5.64062C1.82031 5.13281 2.64062 5.13281 3.10938 5.64062L7.21094 9.74219L16.3516 0.640625C16.8203 0.132812 17.6406 0.132812 18.1094 0.640625Z\" fill=\"#381956\"><\/path><\/svg>\t\t\t\t\t\t<\/span>\n\t\t\t\t\t\t\t\t\t\t<span class=\"elementor-icon-list-text\">Ne glede na to, ali dostavljate bu\u010dna semena na Gradi\u0161\u010dansko ali 10-tonski stroj v Ju\u017eno Korejo - pri ACREDIA boste na\u0161li pravo kreditno zavarovanje za svoje podjetje in nasvete, prilagojene va\u0161im potrebam.<\/span>\n\t\t\t\t\t\t\t\t\t<\/li>\n\t\t\t\t\t\t<\/ul>\n\t\t\t\t\t\t<\/div>\n\t\t\t\t<\/div>\n\t\t\t\t\t<\/div>\n\t\t\t\t<\/div>\n\t\t\t\t<\/div>\n\t\t\t\t\t<\/div>\n\t\t\t\t<\/div>\n\t\t<div class=\"elementor-element elementor-element-9c76513 e-flex e-con-boxed e-con e-parent\" data-id=\"9c76513\" data-element_type=\"container\" data-e-type=\"container\" data-settings=\"{&quot;jet_parallax_layout_list&quot;:[]}\">\n\t\t\t\t\t<div class=\"e-con-inner\">\n\t\t\t\t<div class=\"elementor-element elementor-element-9276f0a elementor-widget__width-initial elementor-widget-mobile__width-inherit elementor-widget elementor-widget-button\" data-id=\"9276f0a\" data-element_type=\"widget\" data-e-type=\"widget\" data-widget_type=\"button.default\">\n\t\t\t\t<div class=\"elementor-widget-container\">\n\t\t\t\t\t\t\t\t\t<div class=\"elementor-button-wrapper\">\n\t\t\t\t\t<a class=\"elementor-button elementor-button-link elementor-size-sm\" href=\"#\">\n\t\t\t\t\t\t<span class=\"elementor-button-content-wrapper\">\n\t\t\t\t\t\t\t\t\t<span class=\"elementor-button-text\">Dogovorite se za posvetovanje zdaj!<\/span>\n\t\t\t\t\t<\/span>\n\t\t\t\t\t<\/a>\n\t\t\t\t<\/div>\n\t\t\t\t\t\t\t\t<\/div>\n\t\t\t\t<\/div>\n\t\t\t\t\t<\/div>\n\t\t\t\t<\/div>\n\t\t\t\t<\/div>\n\t\t","protected":false},"excerpt":{"rendered":"<p>Tu svetujemo. Zagotovljeno je, da imate zavarovan slu\u017ebeni avtomobil in stavbo podjetja. Kaj pa poslovanje va\u0161ega podjetja? Odli\u010dno je, da lahko za\u0161\u010ditite tudi poslovne odnose s strankami. To ustvarja zaupanje in miren spanec. Ko govorimo o zaupanju: To je tudi osnova vsakega posvetovanja ACREDIA. Tam je za vas! Po potrebi vam nudimo individualno podporo. Je [&hellip;]<\/p>\n","protected":false},"author":2,"featured_media":0,"parent":0,"menu_order":0,"comment_status":"closed","ping_status":"closed","template":"elementor_header_footer","meta":{"footnotes":""},"class_list":["post-6081","page","type-page","status-publish","hentry"],"_links":{"self":[{"href":"https:\/\/acredia.at\/sl\/wp-json\/wp\/v2\/pages\/6081","targetHints":{"allow":["GET"]}}],"collection":[{"href":"https:\/\/acredia.at\/sl\/wp-json\/wp\/v2\/pages"}],"about":[{"href":"https:\/\/acredia.at\/sl\/wp-json\/wp\/v2\/types\/page"}],"author":[{"embeddable":true,"href":"https:\/\/acredia.at\/sl\/wp-json\/wp\/v2\/users\/2"}],"replies":[{"embeddable":true,"href":"https:\/\/acredia.at\/sl\/wp-json\/wp\/v2\/comments?post=6081"}],"version-history":[{"count":0,"href":"https:\/\/acredia.at\/sl\/wp-json\/wp\/v2\/pages\/6081\/revisions"}],"wp:attachment":[{"href":"https:\/\/acredia.at\/sl\/wp-json\/wp\/v2\/media?parent=6081"}],"curies":[{"name":"wp","href":"https:\/\/api.w.org\/{rel}","templated":true}]}}