{"id":18052,"date":"2025-04-30T10:05:07","date_gmt":"2025-04-30T08:05:07","guid":{"rendered":"https:\/\/acredia.at\/?page_id=18052"},"modified":"2025-04-30T10:05:07","modified_gmt":"2025-04-30T08:05:07","slug":"glasilo-15","status":"publish","type":"page","link":"https:\/\/acredia.at\/sl\/glasilo-2-2-2-2-2-2\/","title":{"rendered":"Glasilo"},"content":{"rendered":"\t\t<div data-elementor-type=\"wp-page\" data-elementor-id=\"18052\" class=\"elementor elementor-18052 elementor-18051\" data-elementor-post-type=\"page\">\n\t\t\t\t<div class=\"elementor-element elementor-element-45731d5 e-flex e-con-boxed e-con e-parent\" data-id=\"45731d5\" data-element_type=\"container\" data-e-type=\"container\" data-settings=\"{&quot;jet_parallax_layout_list&quot;:[]}\">\n\t\t\t\t\t<div class=\"e-con-inner\">\n\t\t\t\t<div class=\"elementor-element elementor-element-c3b750e elementor-widget elementor-widget-image\" data-id=\"c3b750e\" data-element_type=\"widget\" data-e-type=\"widget\" data-widget_type=\"image.default\">\n\t\t\t\t<div class=\"elementor-widget-container\">\n\t\t\t\t\t\t\t\t\t\t\t\t\t\t\t<img fetchpriority=\"high\" decoding=\"async\" width=\"300\" height=\"168\" src=\"https:\/\/acredia.at\/wp-content\/uploads\/2024\/08\/Acredia-together-300x168.png\" class=\"attachment-medium size-medium wp-image-14533\" alt=\"\" srcset=\"https:\/\/acredia.at\/wp-content\/uploads\/2024\/08\/Acredia-together-300x168.png 300w, https:\/\/acredia.at\/wp-content\/uploads\/2024\/08\/Acredia-together-1024x572.png 1024w, https:\/\/acredia.at\/wp-content\/uploads\/2024\/08\/Acredia-together-768x429.png 768w, https:\/\/acredia.at\/wp-content\/uploads\/2024\/08\/Acredia-together-1536x859.png 1536w, https:\/\/acredia.at\/wp-content\/uploads\/2024\/08\/Acredia-together.png 2000w\" sizes=\"(max-width: 300px) 100vw, 300px\" \/>\t\t\t\t\t\t\t\t\t\t\t\t\t\t\t<\/div>\n\t\t\t\t<\/div>\n\t\t<div class=\"elementor-element elementor-element-fbedfda e-con-full e-flex e-con e-child\" data-id=\"fbedfda\" data-element_type=\"container\" data-e-type=\"container\" data-settings=\"{&quot;jet_parallax_layout_list&quot;:[],&quot;background_background&quot;:&quot;classic&quot;}\">\n\t\t\t\t<div class=\"elementor-element elementor-element-ee5186e elementor-widget elementor-widget-heading\" data-id=\"ee5186e\" data-element_type=\"widget\" data-e-type=\"widget\" data-widget_type=\"heading.default\">\n\t\t\t\t<div class=\"elementor-widget-container\">\n\t\t\t\t\t<h1 class=\"elementor-heading-title elementor-size-default\"><strong>Claims &amp; Collections<\/strong><\/h1>\t\t\t\t<\/div>\n\t\t\t\t<\/div>\n\t\t\t\t<div class=\"elementor-element elementor-element-fa60c8b elementor-widget elementor-widget-text-editor\" data-id=\"fa60c8b\" data-element_type=\"widget\" data-e-type=\"widget\" data-widget_type=\"text-editor.default\">\n\t\t\t\t<div class=\"elementor-widget-container\">\n\t\t\t\t\t\t\t\t\t<div class=\"___1mdw7yc f22iagw f1vx9l62 f2qmhz0\">\n<p>Der Vortrag bringt den Teilnehmenden wichtige Themen zum Schadensfall n\u00e4her. Sowohl die Obliegenheiten des Versicherungsnehmers als auch Risikoausschl\u00fcsse werden hier ebenso behandelt, wie die h\u00e4ufigsten Fragen zu Forderungsbetreibung und die Berechnung der Entsch\u00e4digung. Angereichert mit Beispielen aus der t\u00e4glichen Praxis, wird der schnelle und einfache Weg zur Versicherungsleistung aufgezeigt.<\/p>\n<\/div>\n\t\t\t\t\t\t\t\t<\/div>\n\t\t\t\t<\/div>\n\t\t\t\t<div class=\"elementor-element elementor-element-ca62e0d elementor-widget elementor-widget-heading\" data-id=\"ca62e0d\" data-element_type=\"widget\" data-e-type=\"widget\" data-widget_type=\"heading.default\">\n\t\t\t\t<div class=\"elementor-widget-container\">\n\t\t\t\t\t<h1 class=\"elementor-heading-title elementor-size-default\"><strong>Agenda<\/strong><\/h1>\t\t\t\t<\/div>\n\t\t\t\t<\/div>\n\t\t<div class=\"elementor-element elementor-element-d6f61c9 e-grid e-con-full e-con e-child\" data-id=\"d6f61c9\" data-element_type=\"container\" data-e-type=\"container\" data-settings=\"{&quot;jet_parallax_layout_list&quot;:[]}\">\n\t\t\t\t<div class=\"elementor-element elementor-element-0f48cd6 elementor-widget elementor-widget-text-editor\" data-id=\"0f48cd6\" data-element_type=\"widget\" data-e-type=\"widget\" data-widget_type=\"text-editor.default\">\n\t\t\t\t<div class=\"elementor-widget-container\">\n\t\t\t\t\t\t\t\t\t<ul>\n<li>Welche Obliegenheiten und Risikoausschl\u00fcsse gibt es?<\/li>\n<li>Wann und wie sollte eine Betreibung durchgef\u00fchrt werden?<\/li>\n<li>Wie wird ein versicherter Ausfall berechnet?<\/li>\n<li>Welche Unterlagen sind f\u00fcr die Schadenmeldung erforderlich?<\/li>\n<\/ul>\n\t\t\t\t\t\t\t\t<\/div>\n\t\t\t\t<\/div>\n\t\t\t\t<div class=\"elementor-element elementor-element-87e500a elementor-icon-list--layout-traditional elementor-list-item-link-full_width elementor-widget elementor-widget-icon-list\" data-id=\"87e500a\" data-element_type=\"widget\" data-e-type=\"widget\" data-widget_type=\"icon-list.default\">\n\t\t\t\t<div class=\"elementor-widget-container\">\n\t\t\t\t\t\t\t<ul class=\"elementor-icon-list-items\">\n\t\t\t\t\t\t\t<li class=\"elementor-icon-list-item\">\n\t\t\t\t\t\t\t\t\t\t\t<span class=\"elementor-icon-list-icon\">\n\t\t\t\t\t\t\t<i aria-hidden=\"true\" class=\"fas fa-calendar-times\"><\/i>\t\t\t\t\t\t<\/span>\n\t\t\t\t\t\t\t\t\t\t<span class=\"elementor-icon-list-text\">Mittwoch, 27. November 2024<\/span>\n\t\t\t\t\t\t\t\t\t<\/li>\n\t\t\t\t\t\t\t\t<li class=\"elementor-icon-list-item\">\n\t\t\t\t\t\t\t\t\t\t\t<a href=\"tel:+43%20(0)5%2001%2002-0\">\n\n\t\t\t\t\t\t\t\t\t\t\t\t<span class=\"elementor-icon-list-icon\">\n\t\t\t\t\t\t\t<i aria-hidden=\"true\" class=\"far fa-clock\"><\/i>\t\t\t\t\t\t<\/span>\n\t\t\t\t\t\t\t\t\t\t<span class=\"elementor-icon-list-text\">09:30 Uhr<\/span>\n\t\t\t\t\t\t\t\t\t\t\t<\/a>\n\t\t\t\t\t\t\t\t\t<\/li>\n\t\t\t\t\t\t\t\t<li class=\"elementor-icon-list-item\">\n\t\t\t\t\t\t\t\t\t\t\t<a href=\"https:\/\/www.google.at\/maps\/place\/Himmelpfortgasse+29,+1010+Wien,+%C3%96sterreich\/@48.2045615,16.373551,17z\/data=!3m1!4b1!4m6!3m5!1s0x476d079dffd9fc8b:0x3602ceb2e5d0946!8m2!3d48.2045615!4d16.3761259!16s%2Fg%2F11bw3zs0xn?entry=ttu\" target=\"_blank\" rel=\"noopener\">\n\n\t\t\t\t\t\t\t\t\t\t\t\t<span class=\"elementor-icon-list-icon\">\n\t\t\t\t\t\t\t<i aria-hidden=\"true\" class=\"fas fa-map-marker-alt\"><\/i>\t\t\t\t\t\t<\/span>\n\t\t\t\t\t\t\t\t\t\t<span class=\"elementor-icon-list-text\">Online<\/span>\n\t\t\t\t\t\t\t\t\t\t\t<\/a>\n\t\t\t\t\t\t\t\t\t<\/li>\n\t\t\t\t\t\t<\/ul>\n\t\t\t\t\t\t<\/div>\n\t\t\t\t<\/div>\n\t\t\t\t<\/div>\n\t\t\t\t<\/div>\n\t\t<div class=\"elementor-element elementor-element-a1cc920 e-con-full e-flex e-con e-child\" data-id=\"a1cc920\" data-element_type=\"container\" data-e-type=\"container\" data-settings=\"{&quot;jet_parallax_layout_list&quot;:[],&quot;background_background&quot;:&quot;classic&quot;}\">\n\t\t\t\t<div class=\"elementor-element elementor-element-02d765e elementor-widget elementor-widget-heading\" data-id=\"02d765e\" data-element_type=\"widget\" data-e-type=\"widget\" data-widget_type=\"heading.default\">\n\t\t\t\t<div class=\"elementor-widget-container\">\n\t\t\t\t\t<h1 class=\"elementor-heading-title elementor-size-default\"><strong>Sprecher<\/strong><\/h1>\t\t\t\t<\/div>\n\t\t\t\t<\/div>\n\t\t<div class=\"elementor-element elementor-element-0e34f7a e-grid e-con-full e-con e-child\" data-id=\"0e34f7a\" data-element_type=\"container\" data-e-type=\"container\" data-settings=\"{&quot;jet_parallax_layout_list&quot;:[]}\">\n\t\t\t\t<div class=\"elementor-element elementor-element-35976de elementor-widget elementor-widget-image\" data-id=\"35976de\" data-element_type=\"widget\" data-e-type=\"widget\" data-widget_type=\"image.default\">\n\t\t\t\t<div class=\"elementor-widget-container\">\n\t\t\t\t\t\t\t\t\t\t\t\t\t\t\t<img decoding=\"async\" width=\"150\" height=\"150\" src=\"https:\/\/acredia.at\/wp-content\/uploads\/2024\/09\/Antretter-2023-150x150.jpg\" class=\"attachment-thumbnail size-thumbnail wp-image-15185\" alt=\"\" srcset=\"https:\/\/acredia.at\/wp-content\/uploads\/2024\/09\/Antretter-2023-150x150.jpg 150w, https:\/\/acredia.at\/wp-content\/uploads\/2024\/09\/Antretter-2023.jpg 300w\" sizes=\"(max-width: 150px) 100vw, 150px\" \/>\t\t\t\t\t\t\t\t\t\t\t\t\t\t\t<\/div>\n\t\t\t\t<\/div>\n\t\t\t\t<div class=\"elementor-element elementor-element-590dd58 elementor-widget elementor-widget-text-editor\" data-id=\"590dd58\" data-element_type=\"widget\" data-e-type=\"widget\" data-widget_type=\"text-editor.default\">\n\t\t\t\t<div class=\"elementor-widget-container\">\n\t\t\t\t\t\t\t\t\t<div class=\"___15v14f3 f22iagw f1vx9l62 ftlwnxu\">\n<p><strong><span class=\"fui-Text ___1y6hpew fk6fouc fkhj508 fj15ycj figsok6 fpgzoln f22iagw f6juhto f1mtd64y f1y7q3j9 f2jf649 f1q5m4vj f122n59\"><span class=\"fui-Text ___ecjtiy0 fk6fouc f1pp30po fj15ycj fl43uef f1o700av f1w7gpdv f6juhto f1mtd64y f1y7q3j9 f2jf649 fmrv4ls\">Marco Antretter<\/span><\/span><\/strong><\/p>\n<div class=\"___1ccp5kb f22iagw f1vx9l62\"><span class=\"fui-Text ___1vn0vlm fk6fouc fod5ikn faaz57k fdj6btp fpgzoln f1w7gpdv f6juhto f1mtd64y f1y7q3j9 f2jf649 f11d4kpn\">Account Manager &#8211; <\/span><span class=\"fui-Text ___1vn0vlm fk6fouc fod5ikn faaz57k fdj6btp fpgzoln f1w7gpdv f6juhto f1mtd64y f1y7q3j9 f2jf649 f11d4kpn\">ACREDIA Versicherung AG<\/span><\/div>\n<div>\u00a0<\/div>\n<\/div>\n<div class=\"___k6j0wd0 f22iagw f1nicjmu f1vx9l62\">\n<div class=\"___kwg7oq0 f197wrh9 fpfc2by f1rvi9lw f1p9o1ba f1sil6mw f1cmbuwj fokg9q4\"><span class=\"fui-Text ___58amfs0 fk6fouc fod5ikn f1i3iumi figsok6 fpgzoln f1w7gpdv fibxuh5 f1mtd64y f1y7q3j9 f2jf649\">Marco Antretter ist seit 2009 f\u00fcr ACREDIA in verschiedenen Funktionen im Bereich Claims &amp; Collection t\u00e4tig. Er ist Spezialist f\u00fcr Forderungsmanagement, internationale Betreibung und Spezialprodukte.<\/span><\/div>\n<\/div>\n\t\t\t\t\t\t\t\t<\/div>\n\t\t\t\t<\/div>\n\t\t\t\t<\/div>\n\t\t\t\t<\/div>\n\t\t<div class=\"elementor-element elementor-element-973ebc7 e-con-full e-flex e-con e-child\" data-id=\"973ebc7\" data-element_type=\"container\" data-e-type=\"container\" data-settings=\"{&quot;jet_parallax_layout_list&quot;:[]}\">\n\t\t\t\t<div class=\"elementor-element elementor-element-91de834 elementor-widget elementor-widget-heading\" data-id=\"91de834\" data-element_type=\"widget\" data-e-type=\"widget\" data-widget_type=\"heading.default\">\n\t\t\t\t<div class=\"elementor-widget-container\">\n\t\t\t\t\t<h2 class=\"elementor-heading-title elementor-size-default\">Jetzt anmelden:<\/h2>\t\t\t\t<\/div>\n\t\t\t\t<\/div>\n\t\t\t\t<\/div>\n\t\t\t\t<div class=\"elementor-element elementor-element-e965b12 elementor-widget elementor-widget-html\" data-id=\"e965b12\" data-element_type=\"widget\" data-e-type=\"widget\" data-widget_type=\"html.default\">\n\t\t\t\t<div class=\"elementor-widget-container\">\n\t\t\t\t\t<div data-form-block-id=\"8e63b436-aad3-ed11-a7c7-000d3aacae65\"><\/div> <script src=\"https:\/\/mktdplp102cdn.azureedge.net\/public\/latest\/js\/form-loader.js?v=1.84.2007\"><\/script> <div id=\"dQJUhErM1Vm5SrO373XBOVejnBMC4p87nVneH2vjaU68\"><\/div><script src=\"https:\/\/mktdplp102cdn.azureedge.net\/public\/latest\/js\/ws-tracking.js?v=1.84.2007\"><\/script><div class=\"d365-mkt-config\" style=\"display:none\" data-website-id=\"QJUhErM1Vm5SrO373XBOVejnBMC4p87nVneH2vjaU68\" data-hostname=\"78d8c33b59614efba8db9a554efb9fce.svc.dynamics.com\"><\/div>\nima kontekstni meni\t\t\t\t<\/div>\n\t\t\t\t<\/div>\n\t\t\t\t\t<\/div>\n\t\t\t\t<\/div>\n\t\t\t\t<\/div>\n\t\t","protected":false},"excerpt":{"rendered":"<p>Claims &amp; Collections Der Vortrag bringt den Teilnehmenden wichtige Themen zum Schadensfall n\u00e4her. Sowohl die Obliegenheiten des Versicherungsnehmers als auch Risikoausschl\u00fcsse werden hier ebenso behandelt, wie die h\u00e4ufigsten Fragen zu Forderungsbetreibung und die Berechnung der Entsch\u00e4digung. Angereichert mit Beispielen aus der t\u00e4glichen Praxis, wird der schnelle und einfache Weg zur Versicherungsleistung aufgezeigt. Agenda Welche Obliegenheiten [&hellip;]<\/p>\n","protected":false},"author":2,"featured_media":0,"parent":0,"menu_order":0,"comment_status":"closed","ping_status":"closed","template":"elementor_header_footer","meta":{"footnotes":""},"class_list":["post-18052","page","type-page","status-publish","hentry"],"_links":{"self":[{"href":"https:\/\/acredia.at\/sl\/wp-json\/wp\/v2\/pages\/18052","targetHints":{"allow":["GET"]}}],"collection":[{"href":"https:\/\/acredia.at\/sl\/wp-json\/wp\/v2\/pages"}],"about":[{"href":"https:\/\/acredia.at\/sl\/wp-json\/wp\/v2\/types\/page"}],"author":[{"embeddable":true,"href":"https:\/\/acredia.at\/sl\/wp-json\/wp\/v2\/users\/2"}],"replies":[{"embeddable":true,"href":"https:\/\/acredia.at\/sl\/wp-json\/wp\/v2\/comments?post=18052"}],"version-history":[{"count":1,"href":"https:\/\/acredia.at\/sl\/wp-json\/wp\/v2\/pages\/18052\/revisions"}],"predecessor-version":[{"id":18054,"href":"https:\/\/acredia.at\/sl\/wp-json\/wp\/v2\/pages\/18052\/revisions\/18054"}],"wp:attachment":[{"href":"https:\/\/acredia.at\/sl\/wp-json\/wp\/v2\/media?parent=18052"}],"curies":[{"name":"wp","href":"https:\/\/api.w.org\/{rel}","templated":true}]}}