{"id":13846,"date":"2024-07-08T12:36:32","date_gmt":"2024-07-08T10:36:32","guid":{"rendered":"https:\/\/acredia.at\/?page_id=13846"},"modified":"2024-07-08T12:37:45","modified_gmt":"2024-07-08T10:37:45","slug":"glasilo-4","status":"publish","type":"page","link":"https:\/\/acredia.at\/sl\/glasilo-2-2\/","title":{"rendered":"Glasilo"},"content":{"rendered":"\t\t<div data-elementor-type=\"wp-page\" data-elementor-id=\"13846\" class=\"elementor elementor-13846 elementor-13845\" data-elementor-post-type=\"page\">\n\t\t\t\t<div class=\"elementor-element elementor-element-45731d5 e-flex e-con-boxed e-con e-parent\" data-id=\"45731d5\" data-element_type=\"container\" data-e-type=\"container\" data-settings=\"{&quot;jet_parallax_layout_list&quot;:[]}\">\n\t\t\t\t\t<div class=\"e-con-inner\">\n\t\t\t\t<div class=\"elementor-element elementor-element-c3b750e elementor-widget elementor-widget-image\" data-id=\"c3b750e\" data-element_type=\"widget\" data-e-type=\"widget\" data-widget_type=\"image.default\">\n\t\t\t\t<div class=\"elementor-widget-container\">\n\t\t\t\t\t\t\t\t\t\t\t\t\t\t\t<img fetchpriority=\"high\" decoding=\"async\" width=\"800\" height=\"200\" src=\"https:\/\/acredia.at\/wp-content\/uploads\/2024\/05\/Blue-Modern-Corporate-Business-Agency-Promotion-LinkedIn-Banner-1024x256.png\" class=\"attachment-large size-large wp-image-11593\" alt=\"\" srcset=\"https:\/\/acredia.at\/wp-content\/uploads\/2024\/05\/Blue-Modern-Corporate-Business-Agency-Promotion-LinkedIn-Banner-1024x256.png 1024w, https:\/\/acredia.at\/wp-content\/uploads\/2024\/05\/Blue-Modern-Corporate-Business-Agency-Promotion-LinkedIn-Banner-300x75.png 300w, https:\/\/acredia.at\/wp-content\/uploads\/2024\/05\/Blue-Modern-Corporate-Business-Agency-Promotion-LinkedIn-Banner-768x192.png 768w, https:\/\/acredia.at\/wp-content\/uploads\/2024\/05\/Blue-Modern-Corporate-Business-Agency-Promotion-LinkedIn-Banner-1536x384.png 1536w, https:\/\/acredia.at\/wp-content\/uploads\/2024\/05\/Blue-Modern-Corporate-Business-Agency-Promotion-LinkedIn-Banner.png 1584w\" sizes=\"(max-width: 800px) 100vw, 800px\" \/>\t\t\t\t\t\t\t\t\t\t\t\t\t\t\t<\/div>\n\t\t\t\t<\/div>\n\t\t\t\t<div class=\"elementor-element elementor-element-b5b27ec elementor-widget elementor-widget-heading\" data-id=\"b5b27ec\" data-element_type=\"widget\" data-e-type=\"widget\" data-widget_type=\"heading.default\">\n\t\t\t\t<div class=\"elementor-widget-container\">\n\t\t\t\t\t<h2 class=\"elementor-heading-title elementor-size-default\">Anmeldung zum Webinar: ACREDIA.digital Shield<\/h2>\t\t\t\t<\/div>\n\t\t\t\t<\/div>\n\t\t\t\t<div class=\"elementor-element elementor-element-72a3e00 elementor-widget__width-initial elementor-widget elementor-widget-text-editor\" data-id=\"72a3e00\" data-element_type=\"widget\" data-e-type=\"widget\" data-widget_type=\"text-editor.default\">\n\t\t\t\t<div class=\"elementor-widget-container\">\n\t\t\t\t\t\t\t\t\t<p>Wie schaffe ich es als Unternehmehmerin und Unternehmer, dass alle meine Kundenrechnungen garantiert beglichen werden?<\/p>\n<p>Erfahren Sie die L\u00f6sung in unserem Webinar am <strong>23.Mai 2024 um 16:00 Uhr<\/strong>. Dieses Webinar richtet sich an F\u00fchrungskr\u00e4fte, Risiko-Manager, Buchaltungsexperten und Vertriebsmitarbeiter von KMU, die sich mit dieser Fragen schon einmal auseinandergesetzt haben. Melden Sie sich hier an, solange noch Pl\u00e4tze verf\u00fcgbar sind.<\/p>\n<p>Im Webinar erfahren Sie wertvolle Einblicke aus erster Hand:<\/p>\n<ul>\n<li>Best Practice aus Kundensicht<\/li>\n<li>Warum ist die Absicherung von offenen Rechnungen besonders f\u00fcr KMU aktuell ein hei\u00dfes Thema?<\/li>\n<li>Wie erhalte ich automatischen Schutz f\u00fcr alle meine Kunden?\n<\/li>\n<\/ul>\n<p>Zum Abschluss haben Sie die M\u00f6glichkeit, offene Fragen pers\u00f6nlich oder im Chat zu stellen.<\/p>\n<p>Wir freuen uns auf Ihre Teilnahme!<\/p>\n\t\t\t\t\t\t\t\t<\/div>\n\t\t\t\t<\/div>\n\t\t\t\t<div class=\"elementor-element elementor-element-e965b12 elementor-widget elementor-widget-html\" data-id=\"e965b12\" data-element_type=\"widget\" data-e-type=\"widget\" data-widget_type=\"html.default\">\n\t\t\t\t<div class=\"elementor-widget-container\">\n\t\t\t\t\t<div data-form-block-id=\"8e63b436-aad3-ed11-a7c7-000d3aacae65\"><\/div> <script src=\"https:\/\/mktdplp102cdn.azureedge.net\/public\/latest\/js\/form-loader.js?v=1.84.2007\"><\/script> <div id=\"dQJUhErM1Vm5SrO373XBOVejnBMC4p87nVneH2vjaU68\"><\/div><script src=\"https:\/\/mktdplp102cdn.azureedge.net\/public\/latest\/js\/ws-tracking.js?v=1.84.2007\"><\/script><div class=\"d365-mkt-config\" style=\"display:none\" data-website-id=\"QJUhErM1Vm5SrO373XBOVejnBMC4p87nVneH2vjaU68\" data-hostname=\"78d8c33b59614efba8db9a554efb9fce.svc.dynamics.com\"><\/div>\nima kontekstni meni\t\t\t\t<\/div>\n\t\t\t\t<\/div>\n\t\t\t\t\t<\/div>\n\t\t\t\t<\/div>\n\t\t\t\t<\/div>\n\t\t","protected":false},"excerpt":{"rendered":"<p>Anmeldung zum Webinar: ACREDIA.digital Shield Wie schaffe ich es als Unternehmehmerin und Unternehmer, dass alle meine Kundenrechnungen garantiert beglichen werden? Erfahren Sie die L\u00f6sung in unserem Webinar am 23.Mai 2024 um 16:00 Uhr. Dieses Webinar richtet sich an F\u00fchrungskr\u00e4fte, Risiko-Manager, Buchaltungsexperten und Vertriebsmitarbeiter von KMU, die sich mit dieser Fragen schon einmal auseinandergesetzt haben. Melden [&hellip;]<\/p>\n","protected":false},"author":2,"featured_media":0,"parent":0,"menu_order":0,"comment_status":"closed","ping_status":"closed","template":"elementor_header_footer","meta":{"footnotes":""},"class_list":["post-13846","page","type-page","status-publish","hentry"],"_links":{"self":[{"href":"https:\/\/acredia.at\/sl\/wp-json\/wp\/v2\/pages\/13846","targetHints":{"allow":["GET"]}}],"collection":[{"href":"https:\/\/acredia.at\/sl\/wp-json\/wp\/v2\/pages"}],"about":[{"href":"https:\/\/acredia.at\/sl\/wp-json\/wp\/v2\/types\/page"}],"author":[{"embeddable":true,"href":"https:\/\/acredia.at\/sl\/wp-json\/wp\/v2\/users\/2"}],"replies":[{"embeddable":true,"href":"https:\/\/acredia.at\/sl\/wp-json\/wp\/v2\/comments?post=13846"}],"version-history":[{"count":2,"href":"https:\/\/acredia.at\/sl\/wp-json\/wp\/v2\/pages\/13846\/revisions"}],"predecessor-version":[{"id":13850,"href":"https:\/\/acredia.at\/sl\/wp-json\/wp\/v2\/pages\/13846\/revisions\/13850"}],"wp:attachment":[{"href":"https:\/\/acredia.at\/sl\/wp-json\/wp\/v2\/media?parent=13846"}],"curies":[{"name":"wp","href":"https:\/\/api.w.org\/{rel}","templated":true}]}}