{"id":9766,"date":"2024-04-09T17:45:55","date_gmt":"2024-04-09T15:45:55","guid":{"rendered":"https:\/\/blueberry.dev.innotiv.design\/?page_id=9766"},"modified":"2024-04-25T09:51:28","modified_gmt":"2024-04-25T07:51:28","slug":"elementor-9766","status":"publish","type":"page","link":"https:\/\/acredia.at\/hr\/elementor-9766\/","title":{"rendered":"Ombudsman"},"content":{"rendered":"\t\t<div data-elementor-type=\"wp-page\" data-elementor-id=\"9766\" class=\"elementor elementor-9766 elementor-4084\" data-elementor-post-type=\"page\">\n\t\t\t\t<div class=\"elementor-element elementor-element-fe09c4e e-flex e-con-boxed e-con e-parent\" data-id=\"fe09c4e\" data-element_type=\"container\" data-e-type=\"container\" data-settings=\"{&quot;jet_parallax_layout_list&quot;:[]}\">\n\t\t\t\t\t<div class=\"e-con-inner\">\n\t\t\t\t<div class=\"elementor-element elementor-element-66ced51 elementor-widget elementor-widget-heading\" data-id=\"66ced51\" data-element_type=\"widget\" data-e-type=\"widget\" data-widget_type=\"heading.default\">\n\t\t\t\t<div class=\"elementor-widget-container\">\n\t\t\t\t\t<h2 class=\"elementor-heading-title elementor-size-default\">Ombudsman<\/h2>\t\t\t\t<\/div>\n\t\t\t\t<\/div>\n\t\t\t\t<div class=\"elementor-element elementor-element-8943884 elementor-widget elementor-widget-text-editor\" data-id=\"8943884\" data-element_type=\"widget\" data-e-type=\"widget\" data-widget_type=\"text-editor.default\">\n\t\t\t\t<div class=\"elementor-widget-container\">\n\t\t\t\t\t\t\t\t\t<p>Povratne informacije koje nam dajete o na\u0161im uslugama i kvaliteti usluga, bitne su nam. Samo uz pomo\u0107 njih i dalje mo\u017eemo biti uspje\u0161ni.<\/p>\t\t\t\t\t\t\t\t<\/div>\n\t\t\t\t<\/div>\n\t\t\t\t<div class=\"elementor-element elementor-element-eefa65d elementor-widget elementor-widget-text-editor\" data-id=\"eefa65d\" data-element_type=\"widget\" data-e-type=\"widget\" data-widget_type=\"text-editor.default\">\n\t\t\t\t<div class=\"elementor-widget-container\">\n\t\t\t\t\t\t\t\t\t<p>Ukoliko imate pitanja, molimo vas da nas nazovete ili da nam jednostavno po\u0161aljete e-po\u0161tu. Odgovorit \u0107emo vam u najkra\u0107em mogu\u0107em roku. \u017delite li ostati anonimni, svoja nam pitanja, poticaje ili \u017ealbe tako\u0111er mo\u017eete prenijeti putem po\u0161te.<\/p>\t\t\t\t\t\t\t\t<\/div>\n\t\t\t\t<\/div>\n\t\t\t\t<div class=\"elementor-element elementor-element-62b22f1 elementor-widget elementor-widget-text-editor\" data-id=\"62b22f1\" data-element_type=\"widget\" data-e-type=\"widget\" data-widget_type=\"text-editor.default\">\n\t\t\t\t<div class=\"elementor-widget-container\">\n\t\t\t\t\t\t\t\t\t<p>Tel. +43 (0)5 01 02-1112\u00a0<\/p><p>E-Mail office@acredia.at<\/p>\t\t\t\t\t\t\t\t<\/div>\n\t\t\t\t<\/div>\n\t\t\t\t<div class=\"elementor-element elementor-element-65a2a3f elementor-widget elementor-widget-heading\" data-id=\"65a2a3f\" data-element_type=\"widget\" data-e-type=\"widget\" data-widget_type=\"heading.default\">\n\t\t\t\t<div class=\"elementor-widget-container\">\n\t\t\t\t\t<h2 class=\"elementor-heading-title elementor-size-default\">Po\u0161tanska adresa<\/h2>\t\t\t\t<\/div>\n\t\t\t\t<\/div>\n\t\t\t\t<div class=\"elementor-element elementor-element-208ad78 elementor-widget elementor-widget-text-editor\" data-id=\"208ad78\" data-element_type=\"widget\" data-e-type=\"widget\" data-widget_type=\"text-editor.default\">\n\t\t\t\t<div class=\"elementor-widget-container\">\n\t\t\t\t\t\t\t\t\t<p>ACREDIA Versicherung AG<br \/>Povjerenstvo za \u017ealbe<br \/>Himmelpfortgasse 29<br \/>1010 Be\u010d<br \/>Republika Austrija<\/p>\t\t\t\t\t\t\t\t<\/div>\n\t\t\t\t<\/div>\n\t\t\t\t<div class=\"elementor-element elementor-element-d76fcc9 elementor-widget elementor-widget-heading\" data-id=\"d76fcc9\" data-element_type=\"widget\" data-e-type=\"widget\" data-widget_type=\"heading.default\">\n\t\t\t\t<div class=\"elementor-widget-container\">\n\t\t\t\t\t<h2 class=\"elementor-heading-title elementor-size-default\">Obrada \u017ealbi<\/h2>\t\t\t\t<\/div>\n\t\t\t\t<\/div>\n\t\t\t\t<div class=\"elementor-element elementor-element-6bab7f2 elementor-widget elementor-widget-text-editor\" data-id=\"6bab7f2\" data-element_type=\"widget\" data-e-type=\"widget\" data-widget_type=\"text-editor.default\">\n\t\t\t\t<div class=\"elementor-widget-container\">\n\t\t\t\t\t\t\t\t\t<p>ACREDIA Versicherung AG \u017ealbe obra\u0111uje prema internim smjernicama. U slu\u010daju da imate pritu\u017ebu, od nas \u0107ete u odmah zaprimiti prvu reakciju. Kako bi se \u017ealba razrije\u0161ila u najkra\u0107em mogu\u0107em roku, sakupit \u0107e se\u00a0 i obraditi sve potrebne informacije.<\/p>\t\t\t\t\t\t\t\t<\/div>\n\t\t\t\t<\/div>\n\t\t\t\t<div class=\"elementor-element elementor-element-a4a5e22 elementor-widget elementor-widget-text-editor\" data-id=\"a4a5e22\" data-element_type=\"widget\" data-e-type=\"widget\" data-widget_type=\"text-editor.default\">\n\t\t\t\t<div class=\"elementor-widget-container\">\n\t\t\t\t\t\t\t\t\t<p>\u017dalbe u pravilu obra\u0111ujemo unutar deset radnih dana od zaprimanja \u017ealbe. Ukoliko zbog kompleksnosti slu\u010daja do\u0111e do zastoja u obradi \u017ealbe, od nas \u0107ete o tome svakako biti obavije\u0161teni, a tako\u0111er \u0107emo vas obavijestiti i do kada \u0107e va\u0161a \u017ealba biti obra\u0111ena.<\/p>\t\t\t\t\t\t\t\t<\/div>\n\t\t\t\t<\/div>\n\t\t\t\t<div class=\"elementor-element elementor-element-4f0961e elementor-widget elementor-widget-text-editor\" data-id=\"4f0961e\" data-element_type=\"widget\" data-e-type=\"widget\" data-widget_type=\"text-editor.default\">\n\t\t\t\t<div class=\"elementor-widget-container\">\n\t\t\t\t\t\t\t\t\t<p>Ukoliko niste zadovoljni na\u0161im rje\u0161enjem, molimo vas da nas o tome obavijestite pa \u0107emo se potruditi oko toga da prona\u0111emo alternativno rje\u0161enje. Tako\u0111er mo\u017eete stupiti u kontakt i sa sljede\u0107im uredima:<\/p>\t\t\t\t\t\t\t\t<\/div>\n\t\t\t\t<\/div>\n\t\t\t\t<div class=\"elementor-element elementor-element-1d5f01a elementor-widget elementor-widget-text-editor\" data-id=\"1d5f01a\" data-element_type=\"widget\" data-e-type=\"widget\" data-widget_type=\"text-editor.default\">\n\t\t\t\t<div class=\"elementor-widget-container\">\n\t\t\t\t\t\t\t\t\t<ul><li>Institucija za mirenje: Schlichtungsstelle: Verband der Versicherungsunternehmen \u00d6sterreichs, Schwarzenbergplatz 7, 1030 Be\u010d, Republika Austrija<\/li><\/ul>\t\t\t\t\t\t\t\t<\/div>\n\t\t\t\t<\/div>\n\t\t\t\t<div class=\"elementor-element elementor-element-d0c5545 elementor-widget elementor-widget-text-editor\" data-id=\"d0c5545\" data-element_type=\"widget\" data-e-type=\"widget\" data-widget_type=\"text-editor.default\">\n\t\t\t\t<div class=\"elementor-widget-container\">\n\t\t\t\t\t\t\t\t\t<ul><li>Nadle\u017eno nadzorno tijelo: \u00d6sterreichische Finanzmarktaufsicht, Otto-Wagner-Platz 5, 1090 Be\u010d, Republika Austrija<\/li><\/ul>\t\t\t\t\t\t\t\t<\/div>\n\t\t\t\t<\/div>\n\t\t\t\t\t<\/div>\n\t\t\t\t<\/div>\n\t\t\t\t<\/div>\n\t\t","protected":false},"excerpt":{"rendered":"<p>Ombudsman Povratne informacije koje nam dajete o na\u0161im uslugama i kvaliteti usluga, bitne su nam. Samo uz pomo\u0107 njih i dalje mo\u017eemo biti uspje\u0161ni. Ukoliko imate pitanja, molimo vas da nas nazovete ili da nam jednostavno po\u0161aljete e-po\u0161tu. Odgovorit \u0107emo vam u najkra\u0107em mogu\u0107em roku. \u017delite li ostati anonimni, svoja nam pitanja, poticaje ili \u017ealbe [&hellip;]<\/p>\n","protected":false},"author":2,"featured_media":0,"parent":0,"menu_order":0,"comment_status":"closed","ping_status":"closed","template":"elementor_header_footer","meta":{"footnotes":""},"class_list":["post-9766","page","type-page","status-publish","hentry"],"_links":{"self":[{"href":"https:\/\/acredia.at\/hr\/wp-json\/wp\/v2\/pages\/9766","targetHints":{"allow":["GET"]}}],"collection":[{"href":"https:\/\/acredia.at\/hr\/wp-json\/wp\/v2\/pages"}],"about":[{"href":"https:\/\/acredia.at\/hr\/wp-json\/wp\/v2\/types\/page"}],"author":[{"embeddable":true,"href":"https:\/\/acredia.at\/hr\/wp-json\/wp\/v2\/users\/2"}],"replies":[{"embeddable":true,"href":"https:\/\/acredia.at\/hr\/wp-json\/wp\/v2\/comments?post=9766"}],"version-history":[{"count":10,"href":"https:\/\/acredia.at\/hr\/wp-json\/wp\/v2\/pages\/9766\/revisions"}],"predecessor-version":[{"id":9794,"href":"https:\/\/acredia.at\/hr\/wp-json\/wp\/v2\/pages\/9766\/revisions\/9794"}],"wp:attachment":[{"href":"https:\/\/acredia.at\/hr\/wp-json\/wp\/v2\/media?parent=9766"}],"curies":[{"name":"wp","href":"https:\/\/api.w.org\/{rel}","templated":true}]}}