{"id":8869,"date":"2024-04-24T09:57:18","date_gmt":"2024-04-24T07:57:18","guid":{"rendered":"https:\/\/blueberry.dev.innotiv.design\/?page_id=8869"},"modified":"2024-05-03T08:41:02","modified_gmt":"2024-05-03T06:41:02","slug":"vijesti-i-informacije-za-tisak-2","status":"publish","type":"page","link":"https:\/\/acredia.at\/hr\/pregled-bloga-i-podcasta-2-2-2-2\/","title":{"rendered":"ESG blog"},"content":{"rendered":"\t\t<div data-elementor-type=\"wp-page\" data-elementor-id=\"8869\" class=\"elementor elementor-8869 elementor-8867\" data-elementor-post-type=\"page\">\n\t\t\t\t<div class=\"elementor-element elementor-element-7b4ac88 e-flex e-con-boxed e-con e-parent\" data-id=\"7b4ac88\" data-element_type=\"container\" data-e-type=\"container\" data-settings=\"{&quot;jet_parallax_layout_list&quot;:[]}\">\n\t\t\t\t\t<div class=\"e-con-inner\">\n\t\t\t\t<div class=\"elementor-element elementor-element-e8b6cbc elementor-widget elementor-widget-heading\" data-id=\"e8b6cbc\" data-element_type=\"widget\" data-e-type=\"widget\" data-widget_type=\"heading.default\">\n\t\t\t\t<div class=\"elementor-widget-container\">\n\t\t\t\t\t<h2 class=\"elementor-heading-title elementor-size-default\">ESG blog<\/h2>\t\t\t\t<\/div>\n\t\t\t\t<\/div>\n\t\t\t\t<div class=\"elementor-element elementor-element-0975438 elementor-widget elementor-widget-text-editor\" data-id=\"0975438\" data-element_type=\"widget\" data-e-type=\"widget\" data-widget_type=\"text-editor.default\">\n\t\t\t\t<div class=\"elementor-widget-container\">\n\t\t\t\t\t\t\t\t\t<p style=\"text-align: center;\">Ovdje \u0107ete prona\u0107i razne \u010dlanke o temama DOP (dru\u0161tveno odgovorno poslovanje) i ESG (okoli\u0161, dru\u0161tvo i upravljanje). Pratite nas dok dijelimo svoja iskustva, uvide i savjete s drugim tvrtkama zainteresiranim za odr\u017eivost.<\/p>\n\t\t\t\t\t\t\t\t<\/div>\n\t\t\t\t<\/div>\n\t\t<div class=\"elementor-element elementor-element-5c6decd e-con-full e-flex e-con e-child\" data-id=\"5c6decd\" data-element_type=\"container\" data-e-type=\"container\" data-settings=\"{&quot;background_background&quot;:&quot;classic&quot;,&quot;jet_parallax_layout_list&quot;:[]}\">\n\t\t\t\t<\/div>\n\t\t\t\t\t<\/div>\n\t\t\t\t<\/div>\n\t\t\t\t<\/div>\n\t\t","protected":false},"excerpt":{"rendered":"<p>ESG blog Ovdje \u0107ete prona\u0107i razne \u010dlanke o temama DOP (dru\u0161tveno odgovorno poslovanje) i ESG (okoli\u0161, dru\u0161tvo i upravljanje). Pratite nas dok dijelimo svoja iskustva, uvide i savjete s drugim tvrtkama zainteresiranim za odr\u017eivost.<\/p>\n","protected":false},"author":2,"featured_media":0,"parent":0,"menu_order":0,"comment_status":"closed","ping_status":"closed","template":"elementor_header_footer","meta":{"footnotes":""},"class_list":["post-8869","page","type-page","status-publish","hentry"],"_links":{"self":[{"href":"https:\/\/acredia.at\/hr\/wp-json\/wp\/v2\/pages\/8869","targetHints":{"allow":["GET"]}}],"collection":[{"href":"https:\/\/acredia.at\/hr\/wp-json\/wp\/v2\/pages"}],"about":[{"href":"https:\/\/acredia.at\/hr\/wp-json\/wp\/v2\/types\/page"}],"author":[{"embeddable":true,"href":"https:\/\/acredia.at\/hr\/wp-json\/wp\/v2\/users\/2"}],"replies":[{"embeddable":true,"href":"https:\/\/acredia.at\/hr\/wp-json\/wp\/v2\/comments?post=8869"}],"version-history":[{"count":6,"href":"https:\/\/acredia.at\/hr\/wp-json\/wp\/v2\/pages\/8869\/revisions"}],"predecessor-version":[{"id":11024,"href":"https:\/\/acredia.at\/hr\/wp-json\/wp\/v2\/pages\/8869\/revisions\/11024"}],"wp:attachment":[{"href":"https:\/\/acredia.at\/hr\/wp-json\/wp\/v2\/media?parent=8869"}],"curies":[{"name":"wp","href":"https:\/\/api.w.org\/{rel}","templated":true}]}}