{"id":7982,"date":"2024-04-09T17:38:07","date_gmt":"2024-04-09T15:38:07","guid":{"rendered":"https:\/\/blueberry.dev.innotiv.design\/odricanje\/"},"modified":"2024-04-23T11:08:25","modified_gmt":"2024-04-23T09:08:25","slug":"odricanje","status":"publish","type":"page","link":"https:\/\/acredia.at\/hr\/odricanje\/","title":{"rendered":"Odricanje"},"content":{"rendered":"\t\t<div data-elementor-type=\"wp-page\" data-elementor-id=\"7982\" class=\"elementor elementor-7982 elementor-7583\" data-elementor-post-type=\"page\">\n\t\t\t\t<div class=\"elementor-element elementor-element-fe09c4e e-flex e-con-boxed e-con e-parent\" data-id=\"fe09c4e\" data-element_type=\"container\" data-e-type=\"container\" data-settings=\"{&quot;jet_parallax_layout_list&quot;:[]}\">\n\t\t\t\t\t<div class=\"e-con-inner\">\n\t\t\t\t<div class=\"elementor-element elementor-element-66ced51 elementor-widget elementor-widget-heading\" data-id=\"66ced51\" data-element_type=\"widget\" data-e-type=\"widget\" data-widget_type=\"heading.default\">\n\t\t\t\t<div class=\"elementor-widget-container\">\n\t\t\t\t\t<h2 class=\"elementor-heading-title elementor-size-default\">ACREDIA kreditno osiguranje: Odricanje od odgovornosti<\/h2>\t\t\t\t<\/div>\n\t\t\t\t<\/div>\n\t\t\t\t<div class=\"elementor-element elementor-element-94a8799 elementor-widget elementor-widget-text-editor\" data-id=\"94a8799\" data-element_type=\"widget\" data-e-type=\"widget\" data-widget_type=\"text-editor.default\">\n\t\t\t\t<div class=\"elementor-widget-container\">\n\t\t\t\t\t\t\t\t\t<div class=\"section\">\n<div class=\"content-wrapper--indented\">\n<div class=\"grid\">\n<div class=\"grid__cell--seven grid__offset--one\">\n<div class=\"text\">\n<h2 class=\"heading-2\">Odgovornost<\/h2>\n<p>Informacije koje su dostupne na web stranicama Acredie i njezinih robnih marki, uklju\u010duju\u0107i hiperveze i datoteke za preuzimanje, ne predstavljaju savjete o pravnim, poreznim ili drugim pitanjima. Ove informacije slu\u017ee samo u op\u0107e informativne svrhe.<\/p>\n<p>Sav tekst na web stranici Acredie pa\u017eljivo je pregledan. Unato\u010d tome, Acredia ne jam\u010di za to\u010dnost, potpunost i aktualnost dostavljenih informacija.<\/p>\n<p>Nadalje, Acredia ne preuzima nikakvu odgovornost za izravnu ili neizravnu \u0161tetu nastalu u vezi s kori\u0161tenjem ove web stranice. Acredia tako\u0111er nije odgovorna za \u0161tetu nastalu nedostupno\u0161\u0107u web stranice ili gre\u0161aka u radu iste.<\/p>\n<p>Poveznice na druge web stranice koje nisu tvrtke pa\u017eljivo su odabrane. Odgovaraju\u0107i pru\u017eatelj usluga odgovoran je za sadr\u017eaj i dizajn web stranica na koje se upu\u0107uje putem hiperveza. Acredia ne preuzima nikakvu odgovornost za ove pru\u017eatelje usluga.<\/p>\n<h2 class=\"heading-2\">Autorska prava<\/h2>\n<p>Sva prava pridr\u017eana. Reprodukcija teksta i podataka, uklju\u010duju\u0107i njihovu pohranu i kori\u0161tenje na opti\u010dkim ili elektroni\u010dkim ure\u0111ajima za pohranu podataka, dopu\u0161tena je samo u okviru opsega ugovora ili uz prethodnu suglasnost Acredie. Kori\u0161tenje podataka, uklju\u010duju\u0107i njihov unos u online usluge, baze podataka ili web stranice, od strane neovla\u0161tenih tre\u0107ih strana je zabranjeno.<\/p>\n<h2 class=\"heading-2\">Za\u0161tita podataka<\/h2>\n<p>ACREDIA vrlo ozbiljno shva\u0107a za\u0161titu Va\u0161ih osobnih podataka. Stoga smo za\u0161titu podataka u\u010dinili va\u017enim i sastavnim dijelom na\u0161ih procesa, proizvoda i usluga. Va\u0161e osobne podatke obra\u0111ujemo isklju\u010divo u skladu s va\u017ee\u0107im propisima i zakonima o za\u0161titi podataka. Naravno, pa\u017eljivo postupamo s va\u0161im podacima, \u010duvamo ih u tajnosti i \u0161titimo od zlouporabe. Ovdje pogledajte <a title=\"Pregled Pravila podataka ACREDIA\" href=\"https:\/\/www.acredia.at\/en\/privacy-policy\" target=\"_blank\" rel=\"noopener\">ACREDIA pravila privatnosti<\/a> . <\/p>\n<\/div>\n<\/div>\n<\/div>\n<\/div>\n<\/div>\n\t\t\t\t\t\t\t\t<\/div>\n\t\t\t\t<\/div>\n\t\t\t\t\t<\/div>\n\t\t\t\t<\/div>\n\t\t\t\t<\/div>\n\t\t","protected":false},"excerpt":{"rendered":"<p>ACREDIA kreditno osiguranje: Odricanje od odgovornosti Odgovornost Informacije koje su dostupne na web stranicama Acredie i njezinih robnih marki, uklju\u010duju\u0107i hiperveze i datoteke za preuzimanje, ne predstavljaju savjete o pravnim, poreznim ili drugim pitanjima. Ove informacije slu\u017ee samo u op\u0107e informativne svrhe. Sav tekst na web stranici Acredie pa\u017eljivo je pregledan. Unato\u010d tome, Acredia ne [&hellip;]<\/p>\n","protected":false},"author":2,"featured_media":0,"parent":0,"menu_order":0,"comment_status":"closed","ping_status":"closed","template":"elementor_header_footer","meta":{"footnotes":""},"class_list":["post-7982","page","type-page","status-publish","hentry"],"_links":{"self":[{"href":"https:\/\/acredia.at\/hr\/wp-json\/wp\/v2\/pages\/7982","targetHints":{"allow":["GET"]}}],"collection":[{"href":"https:\/\/acredia.at\/hr\/wp-json\/wp\/v2\/pages"}],"about":[{"href":"https:\/\/acredia.at\/hr\/wp-json\/wp\/v2\/types\/page"}],"author":[{"embeddable":true,"href":"https:\/\/acredia.at\/hr\/wp-json\/wp\/v2\/users\/2"}],"replies":[{"embeddable":true,"href":"https:\/\/acredia.at\/hr\/wp-json\/wp\/v2\/comments?post=7982"}],"version-history":[{"count":0,"href":"https:\/\/acredia.at\/hr\/wp-json\/wp\/v2\/pages\/7982\/revisions"}],"wp:attachment":[{"href":"https:\/\/acredia.at\/hr\/wp-json\/wp\/v2\/media?parent=7982"}],"curies":[{"name":"wp","href":"https:\/\/api.w.org\/{rel}","templated":true}]}}