{"id":18305,"date":"2025-05-26T07:10:18","date_gmt":"2025-05-26T05:10:18","guid":{"rendered":"https:\/\/acredia.at\/?page_id=18305"},"modified":"2025-06-12T08:24:44","modified_gmt":"2025-06-12T06:24:44","slug":"pecata","status":"publish","type":"page","link":"https:\/\/acredia.at\/hr\/pecata\/","title":{"rendered":"Pe\u010dat opomene"},"content":{"rendered":"\t\t<div data-elementor-type=\"wp-page\" data-elementor-id=\"18305\" class=\"elementor elementor-18305 elementor-18302\" data-elementor-post-type=\"page\">\n\t\t\t\t<div class=\"elementor-element elementor-element-0f21281 e-flex e-con-boxed e-con e-parent\" data-id=\"0f21281\" data-element_type=\"container\" data-e-type=\"container\" data-settings=\"{&quot;jet_parallax_layout_list&quot;:[]}\">\n\t\t\t\t\t<div class=\"e-con-inner\">\n\t\t\t\t<div class=\"elementor-element elementor-element-a620b89 elementor-widget elementor-widget-heading\" data-id=\"a620b89\" data-element_type=\"widget\" data-e-type=\"widget\" data-widget_type=\"heading.default\">\n\t\t\t\t<div class=\"elementor-widget-container\">\n\t\t\t\t\t<h2 class=\"elementor-heading-title elementor-size-default\">ACREDIA Pe\u010dat za pismo opomene \u2013 PREGLEDNO, ZAKONSKI SIGURNO I DJELOTVORNO!<\/h2>\t\t\t\t<\/div>\n\t\t\t\t<\/div>\n\t\t\t\t\t<\/div>\n\t\t\t\t<\/div>\n\t\t<div class=\"elementor-element elementor-element-60765f9 e-flex e-con-boxed e-con e-parent\" data-id=\"60765f9\" data-element_type=\"container\" data-e-type=\"container\" data-settings=\"{&quot;jet_parallax_layout_list&quot;:[]}\">\n\t\t\t\t\t<div class=\"e-con-inner\">\n\t\t\t\t<div class=\"elementor-element elementor-element-b7a9c17 elementor-widget__width-initial elementor-widget elementor-widget-text-editor\" data-id=\"b7a9c17\" data-element_type=\"widget\" data-e-type=\"widget\" data-widget_type=\"text-editor.default\">\n\t\t\t\t<div class=\"elementor-widget-container\">\n\t\t\t\t\t\t\t\t\t<p>Profesionalno i dosljedno upravljanje opomenama od presudne je va\u017enosti za Va\u0161u likvidnost te za sigurnost Va\u0161eg poduze\u0107a.<\/p>\t\t\t\t\t\t\t\t<\/div>\n\t\t\t\t<\/div>\n\t\t<div class=\"elementor-element elementor-element-0fc673c e-con-full e-flex e-con e-child\" data-id=\"0fc673c\" data-element_type=\"container\" data-e-type=\"container\" data-settings=\"{&quot;jet_parallax_layout_list&quot;:[]}\">\n\t\t\t\t<\/div>\n\t\t\t\t<div class=\"elementor-element elementor-element-d33ef41 elementor-widget elementor-widget-image\" data-id=\"d33ef41\" data-element_type=\"widget\" data-e-type=\"widget\" data-widget_type=\"image.default\">\n\t\t\t\t<div class=\"elementor-widget-container\">\n\t\t\t\t\t\t\t\t\t\t\t\t\t\t\t<img decoding=\"async\" src=\"https:\/\/acredia.at\/wp-content\/uploads\/elementor\/thumbs\/ACREDIA-pecat-opomene-r73ls2iidooeqqfnhlv3w4geqf58awmnu71ktnk354.png\" title=\"ACREDIA pecat opomene\" alt=\"ACREDIA pecat opomene\" loading=\"lazy\" \/>\t\t\t\t\t\t\t\t\t\t\t\t\t\t\t<\/div>\n\t\t\t\t<\/div>\n\t\t<div class=\"elementor-element elementor-element-9b5e669 e-con-full e-flex e-con e-child\" data-id=\"9b5e669\" data-element_type=\"container\" data-e-type=\"container\" data-settings=\"{&quot;jet_parallax_layout_list&quot;:[]}\">\n\t\t<div class=\"elementor-element elementor-element-11e1878 e-con-full e-flex e-con e-child\" data-id=\"11e1878\" data-element_type=\"container\" data-e-type=\"container\" data-settings=\"{&quot;jet_parallax_layout_list&quot;:[]}\">\n\t\t\t\t<\/div>\n\t\t\t\t<\/div>\n\t\t\t\t<div class=\"elementor-element elementor-element-24551b2 elementor-widget__width-initial elementor-widget elementor-widget-text-editor\" data-id=\"24551b2\" data-element_type=\"widget\" data-e-type=\"widget\" data-widget_type=\"text-editor.default\">\n\t\t\t\t<div class=\"elementor-widget-container\">\n\t\t\t\t\t\t\t\t\t<p>Kao ACREDIJIN osiguranik iskoristite prednosti koje donosi na\u0161e stru\u010dno znanje s podru\u010dja upravljanja potra\u017eivanjima. Pru\u017eamo Vam potporu u ranome i pravovremenome prepoznavanju mogu\u0107ih predstoje\u0107ih izostanaka pla\u0107anja kod Va\u0161ih klijenata.<\/p>\t\t\t\t\t\t\t\t<\/div>\n\t\t\t\t<\/div>\n\t\t\t\t<div class=\"elementor-element elementor-element-f8e29e8 elementor-widget elementor-widget-heading\" data-id=\"f8e29e8\" data-element_type=\"widget\" data-e-type=\"widget\" id=\"downloads\" data-widget_type=\"heading.default\">\n\t\t\t\t<div class=\"elementor-widget-container\">\n\t\t\t\t\t<h2 class=\"elementor-heading-title elementor-size-default\">Poka\u017eite svoju snagu u opominjanja \u2013 uz podr\u0161ku ACREDIA-e.<\/h2>\t\t\t\t<\/div>\n\t\t\t\t<\/div>\n\t\t\t\t\t<\/div>\n\t\t\t\t<\/div>\n\t\t<div class=\"elementor-element elementor-element-8f07795 e-flex e-con-boxed e-con e-parent\" data-id=\"8f07795\" data-element_type=\"container\" data-e-type=\"container\" data-settings=\"{&quot;jet_parallax_layout_list&quot;:[]}\">\n\t\t\t\t\t<div class=\"e-con-inner\">\n\t\t<div class=\"elementor-element elementor-element-4dd3d1c e-con-full e-flex e-con e-child\" data-id=\"4dd3d1c\" data-element_type=\"container\" data-e-type=\"container\" data-settings=\"{&quot;jet_parallax_layout_list&quot;:[]}\">\n\t\t<div class=\"elementor-element elementor-element-7675e96 e-con-full e-flex e-con e-child\" data-id=\"7675e96\" data-element_type=\"container\" data-e-type=\"container\" data-settings=\"{&quot;jet_parallax_layout_list&quot;:[],&quot;background_background&quot;:&quot;classic&quot;}\">\n\t\t\t\t<div class=\"elementor-element elementor-element-f4193b2 elementor-widget__width-initial elementor-widget-tablet__width-initial elementor-widget-mobile__width-initial elementor-widget elementor-widget-image\" data-id=\"f4193b2\" data-element_type=\"widget\" data-e-type=\"widget\" data-widget_type=\"image.default\">\n\t\t\t\t<div class=\"elementor-widget-container\">\n\t\t\t\t\t\t\t\t\t\t\t\t\t\t\t<img decoding=\"async\" src=\"https:\/\/acredia.at\/wp-content\/uploads\/2024\/03\/acredia-easy_kompakt_shutterstock_488226727.svg\" title=\"acredia-easy_kompakt_shutterstock_488226727\" alt=\"acredia-easy_kompakt_shutterstock_488226727\" loading=\"lazy\" \/>\t\t\t\t\t\t\t\t\t\t\t\t\t\t\t<\/div>\n\t\t\t\t<\/div>\n\t\t\t\t<div class=\"elementor-element elementor-element-d66efde elementor-widget-mobile__width-initial elementor-widget elementor-widget-heading\" data-id=\"d66efde\" data-element_type=\"widget\" data-e-type=\"widget\" data-widget_type=\"heading.default\">\n\t\t\t\t<div class=\"elementor-widget-container\">\n\t\t\t\t\t<h2 class=\"elementor-heading-title elementor-size-default\">Pregledno<\/h2>\t\t\t\t<\/div>\n\t\t\t\t<\/div>\n\t\t\t\t<\/div>\n\t\t<div class=\"elementor-element elementor-element-d22a88b e-con-full e-flex e-con e-child\" data-id=\"d22a88b\" data-element_type=\"container\" data-e-type=\"container\" data-settings=\"{&quot;jet_parallax_layout_list&quot;:[],&quot;background_background&quot;:&quot;classic&quot;}\">\n\t\t\t\t<div class=\"elementor-element elementor-element-5c6e35c elementor-widget__width-initial elementor-widget-tablet__width-initial elementor-widget-mobile__width-initial elementor-widget elementor-widget-image\" data-id=\"5c6e35c\" data-element_type=\"widget\" data-e-type=\"widget\" data-widget_type=\"image.default\">\n\t\t\t\t<div class=\"elementor-widget-container\">\n\t\t\t\t\t\t\t\t\t\t\t\t\t\t\t<img decoding=\"async\" src=\"https:\/\/acredia.at\/wp-content\/uploads\/2024\/03\/acredia-boni_vertrauensstaerkend_shutterstock_510864934-2.svg\" title=\"acredia-boni_vertrauensstaerkend_shutterstock_510864934\" alt=\"acredia-boni_vertrauensstaerkend_shutterstock_510864934\" loading=\"lazy\" \/>\t\t\t\t\t\t\t\t\t\t\t\t\t\t\t<\/div>\n\t\t\t\t<\/div>\n\t\t\t\t<div class=\"elementor-element elementor-element-1e66c12 elementor-widget-mobile__width-initial elementor-widget elementor-widget-heading\" data-id=\"1e66c12\" data-element_type=\"widget\" data-e-type=\"widget\" data-widget_type=\"heading.default\">\n\t\t\t\t<div class=\"elementor-widget-container\">\n\t\t\t\t\t<h2 class=\"elementor-heading-title elementor-size-default\">Zakonski sigurno<\/h2>\t\t\t\t<\/div>\n\t\t\t\t<\/div>\n\t\t\t\t<\/div>\n\t\t<div class=\"elementor-element elementor-element-ccd38f0 e-con-full e-flex e-con e-child\" data-id=\"ccd38f0\" data-element_type=\"container\" data-e-type=\"container\" data-settings=\"{&quot;jet_parallax_layout_list&quot;:[],&quot;background_background&quot;:&quot;classic&quot;}\">\n\t\t\t\t<div class=\"elementor-element elementor-element-2f49cd6 elementor-widget__width-initial elementor-widget-tablet__width-initial elementor-widget-mobile__width-initial elementor-widget elementor-widget-image\" data-id=\"2f49cd6\" data-element_type=\"widget\" data-e-type=\"widget\" data-widget_type=\"image.default\">\n\t\t\t\t<div class=\"elementor-widget-container\">\n\t\t\t\t\t\t\t\t\t\t\t\t\t\t\t<img decoding=\"async\" src=\"https:\/\/acredia.at\/wp-content\/uploads\/2024\/03\/acredia-boni_verlaesslich_shutterstock_1023150370-1.svg\" title=\"acredia-boni_verlaesslich_shutterstock_1023150370\" alt=\"acredia-boni_verlaesslich_shutterstock_1023150370\" loading=\"lazy\" \/>\t\t\t\t\t\t\t\t\t\t\t\t\t\t\t<\/div>\n\t\t\t\t<\/div>\n\t\t\t\t<div class=\"elementor-element elementor-element-e51de40 elementor-widget-mobile__width-initial elementor-widget elementor-widget-heading\" data-id=\"e51de40\" data-element_type=\"widget\" data-e-type=\"widget\" data-widget_type=\"heading.default\">\n\t\t\t\t<div class=\"elementor-widget-container\">\n\t\t\t\t\t<h2 class=\"elementor-heading-title elementor-size-default\">Djelotvorno<\/h2>\t\t\t\t<\/div>\n\t\t\t\t<\/div>\n\t\t\t\t<\/div>\n\t\t\t\t<\/div>\n\t\t\t\t\t<\/div>\n\t\t\t\t<\/div>\n\t\t<div class=\"elementor-element elementor-element-5814231 e-flex e-con-boxed e-con e-parent\" data-id=\"5814231\" data-element_type=\"container\" data-e-type=\"container\" data-settings=\"{&quot;jet_parallax_layout_list&quot;:[]}\">\n\t\t\t\t\t<div class=\"e-con-inner\">\n\t\t<div class=\"elementor-element elementor-element-79d2f0e e-con-full e-flex e-con e-child\" data-id=\"79d2f0e\" data-element_type=\"container\" data-e-type=\"container\" data-settings=\"{&quot;jet_parallax_layout_list&quot;:[]}\">\n\t\t\t\t<div class=\"elementor-element elementor-element-bcb8611 elementor-widget elementor-widget-heading\" data-id=\"bcb8611\" data-element_type=\"widget\" data-e-type=\"widget\" data-widget_type=\"heading.default\">\n\t\t\t\t<div class=\"elementor-widget-container\">\n\t\t\t\t\t<p class=\"elementor-heading-title elementor-size-default\">Pregled prednosti koje Vam donosimo<\/p>\t\t\t\t<\/div>\n\t\t\t\t<\/div>\n\t\t\t\t<div class=\"elementor-element elementor-element-7d06b31 elementor-align-center elementor-list-item-link-full_width elementor-widget elementor-widget-icon-list\" data-id=\"7d06b31\" data-element_type=\"widget\" data-e-type=\"widget\" data-widget_type=\"icon-list.default\">\n\t\t\t\t<div class=\"elementor-widget-container\">\n\t\t\t\t\t\t\t<ul class=\"elementor-icon-list-items\">\n\t\t\t\t\t\t\t<li class=\"elementor-icon-list-item\">\n\t\t\t\t\t\t\t\t\t\t\t<span class=\"elementor-icon-list-icon\">\n\t\t\t\t\t\t\t<svg xmlns=\"http:\/\/www.w3.org\/2000\/svg\" width=\"19\" height=\"13\" viewBox=\"0 0 19 13\" fill=\"none\"><path d=\"M18.1094 0.640625C18.6172 1.10938 18.6172 1.92969 18.1094 2.39844L8.10938 12.3984C7.64062 12.9062 6.82031 12.9062 6.35156 12.3984L1.35156 7.39844C0.84375 6.92969 0.84375 6.10938 1.35156 5.64062C1.82031 5.13281 2.64062 5.13281 3.10938 5.64062L7.21094 9.74219L16.3516 0.640625C16.8203 0.132812 17.6406 0.132812 18.1094 0.640625Z\" fill=\"#381956\"><\/path><\/svg>\t\t\t\t\t\t<\/span>\n\t\t\t\t\t\t\t\t\t\t<span class=\"elementor-icon-list-text\">Profesionalan nastup uz ACREDIJINU potporu<\/span>\n\t\t\t\t\t\t\t\t\t<\/li>\n\t\t\t\t\t\t\t\t<li class=\"elementor-icon-list-item\">\n\t\t\t\t\t\t\t\t\t\t\t<span class=\"elementor-icon-list-icon\">\n\t\t\t\t\t\t\t<svg xmlns=\"http:\/\/www.w3.org\/2000\/svg\" width=\"19\" height=\"13\" viewBox=\"0 0 19 13\" fill=\"none\"><path d=\"M18.1094 0.640625C18.6172 1.10938 18.6172 1.92969 18.1094 2.39844L8.10938 12.3984C7.64062 12.9062 6.82031 12.9062 6.35156 12.3984L1.35156 7.39844C0.84375 6.92969 0.84375 6.10938 1.35156 5.64062C1.82031 5.13281 2.64062 5.13281 3.10938 5.64062L7.21094 9.74219L16.3516 0.640625C16.8203 0.132812 17.6406 0.132812 18.1094 0.640625Z\" fill=\"#381956\"><\/path><\/svg>\t\t\t\t\t\t<\/span>\n\t\t\t\t\t\t\t\t\t\t<span class=\"elementor-icon-list-text\">Rano prepoznavanje rizika kod poslovnih partnera<\/span>\n\t\t\t\t\t\t\t\t\t<\/li>\n\t\t\t\t\t\t\t\t<li class=\"elementor-icon-list-item\">\n\t\t\t\t\t\t\t\t\t\t\t<span class=\"elementor-icon-list-icon\">\n\t\t\t\t\t\t\t<svg xmlns=\"http:\/\/www.w3.org\/2000\/svg\" width=\"19\" height=\"13\" viewBox=\"0 0 19 13\" fill=\"none\"><path d=\"M18.1094 0.640625C18.6172 1.10938 18.6172 1.92969 18.1094 2.39844L8.10938 12.3984C7.64062 12.9062 6.82031 12.9062 6.35156 12.3984L1.35156 7.39844C0.84375 6.92969 0.84375 6.10938 1.35156 5.64062C1.82031 5.13281 2.64062 5.13281 3.10938 5.64062L7.21094 9.74219L16.3516 0.640625C16.8203 0.132812 17.6406 0.132812 18.1094 0.640625Z\" fill=\"#381956\"><\/path><\/svg>\t\t\t\t\t\t<\/span>\n\t\t\t\t\t\t\t\t\t\t<span class=\"elementor-icon-list-text\">Jasna komunikacija tijekom procesa opominjanja<\/span>\n\t\t\t\t\t\t\t\t\t<\/li>\n\t\t\t\t\t\t\t\t<li class=\"elementor-icon-list-item\">\n\t\t\t\t\t\t\t\t\t\t\t<span class=\"elementor-icon-list-icon\">\n\t\t\t\t\t\t\t<svg xmlns=\"http:\/\/www.w3.org\/2000\/svg\" width=\"19\" height=\"13\" viewBox=\"0 0 19 13\" fill=\"none\"><path d=\"M18.1094 0.640625C18.6172 1.10938 18.6172 1.92969 18.1094 2.39844L8.10938 12.3984C7.64062 12.9062 6.82031 12.9062 6.35156 12.3984L1.35156 7.39844C0.84375 6.92969 0.84375 6.10938 1.35156 5.64062C1.82031 5.13281 2.64062 5.13281 3.10938 5.64062L7.21094 9.74219L16.3516 0.640625C16.8203 0.132812 17.6406 0.132812 18.1094 0.640625Z\" fill=\"#381956\"><\/path><\/svg>\t\t\t\t\t\t<\/span>\n\t\t\t\t\t\t\t\t\t\t<span class=\"elementor-icon-list-text\">U\u010dinkovitiji procesi u upravljanju potra\u017eivanjima \u2013 bez ikakvih dodatnih tro\u0161kova<\/span>\n\t\t\t\t\t\t\t\t\t<\/li>\n\t\t\t\t\t\t<\/ul>\n\t\t\t\t\t\t<\/div>\n\t\t\t\t<\/div>\n\t\t\t\t<\/div>\n\t\t\t\t\t<\/div>\n\t\t\t\t<\/div>\n\t\t<div class=\"elementor-element elementor-element-66db6cb e-flex e-con-boxed e-con e-parent\" data-id=\"66db6cb\" data-element_type=\"container\" data-e-type=\"container\" data-settings=\"{&quot;jet_parallax_layout_list&quot;:[]}\">\n\t\t\t\t\t<div class=\"e-con-inner\">\n\t\t\t\t<div class=\"elementor-element elementor-element-3171538 elementor-widget elementor-widget-heading\" data-id=\"3171538\" data-element_type=\"widget\" data-e-type=\"widget\" data-widget_type=\"heading.default\">\n\t\t\t\t<div class=\"elementor-widget-container\">\n\t\t\t\t\t<h2 class=\"elementor-heading-title elementor-size-default\">Jednostavno u trenu preuzmite digitalni ACREDIJIN pe\u010dat za pismo opomene! <\/h2>\t\t\t\t<\/div>\n\t\t\t\t<\/div>\n\t\t\t\t\t<\/div>\n\t\t\t\t<\/div>\n\t\t<div class=\"elementor-element elementor-element-7584ea8 e-flex e-con-boxed e-con e-parent\" data-id=\"7584ea8\" data-element_type=\"container\" data-e-type=\"container\" data-settings=\"{&quot;jet_parallax_layout_list&quot;:[]}\">\n\t\t\t\t\t<div class=\"e-con-inner\">\n\t\t<div class=\"elementor-element elementor-element-ba30ffe e-con-full e-flex e-con e-child\" data-id=\"ba30ffe\" data-element_type=\"container\" data-e-type=\"container\" data-settings=\"{&quot;jet_parallax_layout_list&quot;:[]}\">\n\t\t<div class=\"elementor-element elementor-element-1040f9b e-con-full e-flex e-con e-child\" data-id=\"1040f9b\" data-element_type=\"container\" data-e-type=\"container\" data-settings=\"{&quot;jet_parallax_layout_list&quot;:[],&quot;background_background&quot;:&quot;classic&quot;}\">\n\t\t\t\t<div class=\"elementor-element elementor-element-bddc202 elementor-widget__width-initial elementor-widget-tablet__width-initial elementor-widget-mobile__width-initial elementor-widget elementor-widget-image\" data-id=\"bddc202\" data-element_type=\"widget\" data-e-type=\"widget\" data-widget_type=\"image.default\">\n\t\t\t\t<div class=\"elementor-widget-container\">\n\t\t\t\t\t\t\t\t\t\t\t\t\t\t\t<img decoding=\"async\" src=\"https:\/\/acredia.at\/wp-content\/uploads\/2024\/03\/acredia-boni_transparenz_shutterstock_1077403799-1.svg\" title=\"acredia-boni_transparenz_shutterstock_1077403799-1\" alt=\"acredia-boni_transparenz_shutterstock_1077403799-1\" loading=\"lazy\" \/>\t\t\t\t\t\t\t\t\t\t\t\t\t\t\t<\/div>\n\t\t\t\t<\/div>\n\t\t\t\t<div class=\"elementor-element elementor-element-ee20770 elementor-widget elementor-widget-button\" data-id=\"ee20770\" data-element_type=\"widget\" data-e-type=\"widget\" data-widget_type=\"button.default\">\n\t\t\t\t<div class=\"elementor-widget-container\">\n\t\t\t\t\t\t\t\t\t<div class=\"elementor-button-wrapper\">\n\t\t\t\t\t<a class=\"elementor-button elementor-button-link elementor-size-sm\" href=\"https:\/\/acredia.at\/wp-content\/uploads\/2025\/06\/Preuzimanje-pecata.zip\" target=\"_blank\">\n\t\t\t\t\t\t<span class=\"elementor-button-content-wrapper\">\n\t\t\t\t\t\t\t\t\t<span class=\"elementor-button-text\">Preuzimanje pe\u010data<\/span>\n\t\t\t\t\t<\/span>\n\t\t\t\t\t<\/a>\n\t\t\t\t<\/div>\n\t\t\t\t\t\t\t\t<\/div>\n\t\t\t\t<\/div>\n\t\t\t\t<\/div>\n\t\t<div class=\"elementor-element elementor-element-10bc8d7 e-con-full e-flex e-con e-child\" data-id=\"10bc8d7\" data-element_type=\"container\" data-e-type=\"container\" data-settings=\"{&quot;jet_parallax_layout_list&quot;:[],&quot;background_background&quot;:&quot;classic&quot;}\">\n\t\t\t\t<div class=\"elementor-element elementor-element-0d0e7c1 elementor-widget__width-initial elementor-widget-tablet__width-initial elementor-widget-mobile__width-initial elementor-widget elementor-widget-image\" data-id=\"0d0e7c1\" data-element_type=\"widget\" data-e-type=\"widget\" data-widget_type=\"image.default\">\n\t\t\t\t<div class=\"elementor-widget-container\">\n\t\t\t\t\t\t\t\t\t\t\t\t\t\t\t<img decoding=\"async\" width=\"206\" height=\"218\" src=\"https:\/\/acredia.at\/wp-content\/uploads\/2025\/05\/Liste-Icon.png\" class=\"attachment-full size-full wp-image-18393\" alt=\"\" \/>\t\t\t\t\t\t\t\t\t\t\t\t\t\t\t<\/div>\n\t\t\t\t<\/div>\n\t\t\t\t<div class=\"elementor-element elementor-element-51afa7d elementor-widget elementor-widget-button\" data-id=\"51afa7d\" data-element_type=\"widget\" data-e-type=\"widget\" data-widget_type=\"button.default\">\n\t\t\t\t<div class=\"elementor-widget-container\">\n\t\t\t\t\t\t\t\t\t<div class=\"elementor-button-wrapper\">\n\t\t\t\t\t<a class=\"elementor-button elementor-button-link elementor-size-sm\" href=\"https:\/\/acredia.at\/wp-content\/uploads\/2025\/06\/Uvjeti-koristenja.zip\" target=\"_blank\">\n\t\t\t\t\t\t<span class=\"elementor-button-content-wrapper\">\n\t\t\t\t\t\t\t\t\t<span class=\"elementor-button-text\">Uvjeti kori\u0161tenja<\/span>\n\t\t\t\t\t<\/span>\n\t\t\t\t\t<\/a>\n\t\t\t\t<\/div>\n\t\t\t\t\t\t\t\t<\/div>\n\t\t\t\t<\/div>\n\t\t\t\t<\/div>\n\t\t<div class=\"elementor-element elementor-element-0d10b06 e-con-full e-flex e-con e-child\" data-id=\"0d10b06\" data-element_type=\"container\" data-e-type=\"container\" data-settings=\"{&quot;jet_parallax_layout_list&quot;:[],&quot;background_background&quot;:&quot;classic&quot;}\">\n\t\t\t\t<div class=\"elementor-element elementor-element-75991e9 elementor-widget__width-initial elementor-widget-tablet__width-initial elementor-widget-mobile__width-initial elementor-widget elementor-widget-image\" data-id=\"75991e9\" data-element_type=\"widget\" data-e-type=\"widget\" data-widget_type=\"image.default\">\n\t\t\t\t<div class=\"elementor-widget-container\">\n\t\t\t\t\t\t\t\t\t\t\t\t\t\t\t<img decoding=\"async\" src=\"https:\/\/acredia.at\/wp-content\/uploads\/2024\/03\/acredia-single_zielgerichtet_shutterstock_1023150370.svg\" title=\"acredia-single_zielgerichtet_shutterstock_1023150370\" alt=\"acredia-single_zielgerichtet_shutterstock_1023150370\" loading=\"lazy\" \/>\t\t\t\t\t\t\t\t\t\t\t\t\t\t\t<\/div>\n\t\t\t\t<\/div>\n\t\t\t\t<div class=\"elementor-element elementor-element-fd66ddd elementor-widget elementor-widget-button\" data-id=\"fd66ddd\" data-element_type=\"widget\" data-e-type=\"widget\" data-widget_type=\"button.default\">\n\t\t\t\t<div class=\"elementor-widget-container\">\n\t\t\t\t\t\t\t\t\t<div class=\"elementor-button-wrapper\">\n\t\t\t\t\t<a class=\"elementor-button elementor-button-link elementor-size-sm\" href=\"https:\/\/acredia.at\/wp-content\/uploads\/2025\/06\/Primjeri-upotrebe.zip\" target=\"_blank\">\n\t\t\t\t\t\t<span class=\"elementor-button-content-wrapper\">\n\t\t\t\t\t\t\t\t\t<span class=\"elementor-button-text\">Primjeri primjene<\/span>\n\t\t\t\t\t<\/span>\n\t\t\t\t\t<\/a>\n\t\t\t\t<\/div>\n\t\t\t\t\t\t\t\t<\/div>\n\t\t\t\t<\/div>\n\t\t\t\t<\/div>\n\t\t\t\t<\/div>\n\t\t\t\t\t<\/div>\n\t\t\t\t<\/div>\n\t\t<div class=\"elementor-element elementor-element-5a68a70 e-flex e-con-boxed e-con e-parent\" data-id=\"5a68a70\" data-element_type=\"container\" data-e-type=\"container\" data-settings=\"{&quot;jet_parallax_layout_list&quot;:[]}\">\n\t\t\t\t\t<div class=\"e-con-inner\">\n\t\t<div class=\"elementor-element elementor-element-1f884a1 e-con-full e-flex e-con e-child\" data-id=\"1f884a1\" data-element_type=\"container\" data-e-type=\"container\" data-settings=\"{&quot;jet_parallax_layout_list&quot;:[],&quot;background_background&quot;:&quot;classic&quot;}\">\n\t\t\t\t<div class=\"elementor-element elementor-element-f62cf96 elementor-widget elementor-widget-heading\" data-id=\"f62cf96\" data-element_type=\"widget\" data-e-type=\"widget\" data-widget_type=\"heading.default\">\n\t\t\t\t<div class=\"elementor-widget-container\">\n\t\t\t\t\t<h2 class=\"elementor-heading-title elementor-size-default\">Imate li pitanja ili Vam je potrebna pomo\u0107?<\/h2>\t\t\t\t<\/div>\n\t\t\t\t<\/div>\n\t\t\t\t<div class=\"elementor-element elementor-element-1fd445e elementor-widget elementor-widget-text-editor\" data-id=\"1fd445e\" data-element_type=\"widget\" data-e-type=\"widget\" data-widget_type=\"text-editor.default\">\n\t\t\t\t<div class=\"elementor-widget-container\">\n\t\t\t\t\t\t\t\t\t<div class=\"grid\"><div class=\"grid__cell--seven\"><div class=\"text\"><p>Obratite nam se putem centra za korisni\u010dku podr\u0161ku. Rado \u0107emo Vam pomo\u0107i:<\/p><\/div><\/div><\/div>\t\t\t\t\t\t\t\t<\/div>\n\t\t\t\t<\/div>\n\t\t\t\t<div class=\"elementor-element elementor-element-ef86280 elementor-icon-list--layout-traditional elementor-list-item-link-full_width elementor-widget elementor-widget-icon-list\" data-id=\"ef86280\" data-element_type=\"widget\" data-e-type=\"widget\" data-widget_type=\"icon-list.default\">\n\t\t\t\t<div class=\"elementor-widget-container\">\n\t\t\t\t\t\t\t<ul class=\"elementor-icon-list-items\">\n\t\t\t\t\t\t\t<li class=\"elementor-icon-list-item\">\n\t\t\t\t\t\t\t\t\t\t\t<a href=\"mailto:customer.relations@acredia.at\">\n\n\t\t\t\t\t\t\t\t\t\t\t\t<span class=\"elementor-icon-list-icon\">\n\t\t\t\t\t\t\t<i aria-hidden=\"true\" class=\"far fa-envelope\"><\/i>\t\t\t\t\t\t<\/span>\n\t\t\t\t\t\t\t\t\t\t<span class=\"elementor-icon-list-text\">customer.relations@acredia.at<\/span>\n\t\t\t\t\t\t\t\t\t\t\t<\/a>\n\t\t\t\t\t\t\t\t\t<\/li>\n\t\t\t\t\t\t\t\t<li class=\"elementor-icon-list-item\">\n\t\t\t\t\t\t\t\t\t\t\t<a href=\"http:\/\/+43501025555\">\n\n\t\t\t\t\t\t\t\t\t\t\t\t<span class=\"elementor-icon-list-icon\">\n\t\t\t\t\t\t\t<i aria-hidden=\"true\" class=\"fas fa-mobile-alt\"><\/i>\t\t\t\t\t\t<\/span>\n\t\t\t\t\t\t\t\t\t\t<span class=\"elementor-icon-list-text\">+43 (0)5 01 02 \u2013 5555<\/span>\n\t\t\t\t\t\t\t\t\t\t\t<\/a>\n\t\t\t\t\t\t\t\t\t<\/li>\n\t\t\t\t\t\t<\/ul>\n\t\t\t\t\t\t<\/div>\n\t\t\t\t<\/div>\n\t\t\t\t<\/div>\n\t\t\t\t\t<\/div>\n\t\t\t\t<\/div>\n\t\t\t\t<\/div>\n\t\t","protected":false},"excerpt":{"rendered":"<p>ACREDIA Pe\u010dat za pismo opomene \u2013 PREGLEDNO, ZAKONSKI SIGURNO I DJELOTVORNO! Profesionalno i dosljedno upravljanje opomenama od presudne je va\u017enosti za Va\u0161u likvidnost te za sigurnost Va\u0161eg poduze\u0107a. Kao ACREDIJIN osiguranik iskoristite prednosti koje donosi na\u0161e stru\u010dno znanje s podru\u010dja upravljanja potra\u017eivanjima. Pru\u017eamo Vam potporu u ranome i pravovremenome prepoznavanju mogu\u0107ih predstoje\u0107ih izostanaka pla\u0107anja kod [&hellip;]<\/p>\n","protected":false},"author":2,"featured_media":0,"parent":6264,"menu_order":0,"comment_status":"closed","ping_status":"closed","template":"elementor_header_footer","meta":{"footnotes":""},"class_list":["post-18305","page","type-page","status-publish","hentry"],"_links":{"self":[{"href":"https:\/\/acredia.at\/hr\/wp-json\/wp\/v2\/pages\/18305","targetHints":{"allow":["GET"]}}],"collection":[{"href":"https:\/\/acredia.at\/hr\/wp-json\/wp\/v2\/pages"}],"about":[{"href":"https:\/\/acredia.at\/hr\/wp-json\/wp\/v2\/types\/page"}],"author":[{"embeddable":true,"href":"https:\/\/acredia.at\/hr\/wp-json\/wp\/v2\/users\/2"}],"replies":[{"embeddable":true,"href":"https:\/\/acredia.at\/hr\/wp-json\/wp\/v2\/comments?post=18305"}],"version-history":[{"count":19,"href":"https:\/\/acredia.at\/hr\/wp-json\/wp\/v2\/pages\/18305\/revisions"}],"predecessor-version":[{"id":18663,"href":"https:\/\/acredia.at\/hr\/wp-json\/wp\/v2\/pages\/18305\/revisions\/18663"}],"up":[{"embeddable":true,"href":"https:\/\/acredia.at\/hr\/wp-json\/wp\/v2\/pages\/6264"}],"wp:attachment":[{"href":"https:\/\/acredia.at\/hr\/wp-json\/wp\/v2\/media?parent=18305"}],"curies":[{"name":"wp","href":"https:\/\/api.w.org\/{rel}","templated":true}]}}